{"id":801,"date":"2020-07-23T17:46:14","date_gmt":"2020-07-23T22:46:14","guid":{"rendered":"https:\/\/unefortalezaydesarrollo.com\/certificacion\/?post_type=product&#038;p=801"},"modified":"2024-08-01T11:49:08","modified_gmt":"2024-08-01T17:49:08","slug":"inscripcion-al-diplomado","status":"publish","type":"product","link":"https:\/\/unefortalezaydesarrollo.com\/certificacion\/product\/inscripcion-al-diplomado\/","title":{"rendered":"Inscripci\u00f3n al Diplomado"},"content":{"rendered":"<h3>Inscripci\u00f3n a la Certificaci\u00f3n<\/h3>\n<p>Si tu est\u00e1s interesado en participar de la <strong><em>Certificaci\u00f3n de Coach numerol\u00f3gico de vida<\/em>, primero deber\u00e1s realizar la entrevista con alguno de los miembros del equipo<\/strong> para definir si esto es para ti, y si podr\u00e1s participar en la misma.<\/p>\n<p><strong>Te pedimos que antes de pagar, solicites una entrevista haciendo <a href=\"\/certificacion\/contacto\/\">clic aqu\u00ed<\/a>.<\/strong><\/p>\n<p>Si ya recibiste el correo confirmando tu aceptaci\u00f3n, este es el \u00fanico pago que deber\u00e1s realizar para garantizar tu lugar.<\/p>\n","protected":false},"excerpt":{"rendered":"<p>Pago \u00fanico para la inscripci\u00f3n a la certificaci\u00f3n (4 m\u00f3dulos, 4 materias por semestre, 2 semestres)<\/p>\n","protected":false},"featured_media":167,"comment_status":"open","ping_status":"closed","template":"","meta":{"_coblocks_attr":"","_coblocks_dimensions":"","_coblocks_responsive_height":"","_coblocks_accordion_ie_support":""},"product_brand":[],"product_cat":[53],"product_tag":[39],"class_list":{"0":"post-801","1":"product","2":"type-product","3":"status-publish","4":"has-post-thumbnail","6":"product_cat-historico","7":"product_tag-proceso-administrativo","9":"first","10":"outofstock","11":"virtual","12":"taxable","13":"purchasable","14":"product-type-simple"},"jetpack_sharing_enabled":true,"_links":{"self":[{"href":"https:\/\/unefortalezaydesarrollo.com\/certificacion\/wp-json\/wp\/v2\/product\/801","targetHints":{"allow":["GET"]}}],"collection":[{"href":"https:\/\/unefortalezaydesarrollo.com\/certificacion\/wp-json\/wp\/v2\/product"}],"about":[{"href":"https:\/\/unefortalezaydesarrollo.com\/certificacion\/wp-json\/wp\/v2\/types\/product"}],"replies":[{"embeddable":true,"href":"https:\/\/unefortalezaydesarrollo.com\/certificacion\/wp-json\/wp\/v2\/comments?post=801"}],"wp:featuredmedia":[{"embeddable":true,"href":"https:\/\/unefortalezaydesarrollo.com\/certificacion\/wp-json\/wp\/v2\/media\/167"}],"wp:attachment":[{"href":"https:\/\/unefortalezaydesarrollo.com\/certificacion\/wp-json\/wp\/v2\/media?parent=801"}],"wp:term":[{"taxonomy":"product_brand","embeddable":true,"href":"https:\/\/unefortalezaydesarrollo.com\/certificacion\/wp-json\/wp\/v2\/product_brand?post=801"},{"taxonomy":"product_cat","embeddable":true,"href":"https:\/\/unefortalezaydesarrollo.com\/certificacion\/wp-json\/wp\/v2\/product_cat?post=801"},{"taxonomy":"product_tag","embeddable":true,"href":"https:\/\/unefortalezaydesarrollo.com\/certificacion\/wp-json\/wp\/v2\/product_tag?post=801"}],"curies":[{"name":"wp","href":"https:\/\/api.w.org\/{rel}","templated":true}]}}