{"id":789,"date":"2020-07-22T16:46:34","date_gmt":"2020-07-22T21:46:34","guid":{"rendered":"https:\/\/unefortalezaydesarrollo.com\/certificacion\/?post_type=product&#038;p=789"},"modified":"2022-10-22T13:50:03","modified_gmt":"2022-10-22T18:50:03","slug":"proyecto-integrador-y-preparacion-para-el-examen","status":"publish","type":"product","link":"https:\/\/unefortalezaydesarrollo.com\/certificacion\/product\/proyecto-integrador-y-preparacion-para-el-examen\/","title":{"rendered":"Proyecto integrador y preparaci\u00f3n para examen"},"content":{"rendered":"<p>En este curso integrar\u00e1s todas la herramientas aprendidas a lo largo de la certificaci\u00f3n y realizar\u00e1s un <strong>Proyecto integrador<\/strong> para presentarlo ante el jurado que te evaluar\u00e1 en tus ex\u00e1menes escrito y oral.<\/p>\n<p>Durante este mismo curso te ayudaremos con la <strong>preparaci\u00f3n de tus ex\u00e1menes<\/strong> y te orientaremos en la din\u00e1mica de la certificaci\u00f3n del CONOCER.<\/p>\n","protected":false},"excerpt":{"rendered":"<p>Curso de preparaci\u00f3n del proyecto integrador y preparaci\u00f3n para examen de certificaci\u00f3n<\/p>\n","protected":false},"featured_media":5,"comment_status":"open","ping_status":"closed","template":"","meta":{"_coblocks_attr":"","_coblocks_dimensions":"","_coblocks_responsive_height":"","_coblocks_accordion_ie_support":""},"product_brand":[],"product_cat":[53],"product_tag":[44],"class_list":{"0":"post-789","1":"product","2":"type-product","3":"status-publish","4":"has-post-thumbnail","6":"product_cat-historico","7":"product_tag-titulacion","9":"first","10":"outofstock","11":"virtual","12":"taxable","13":"purchasable","14":"product-type-simple"},"jetpack_sharing_enabled":true,"_links":{"self":[{"href":"https:\/\/unefortalezaydesarrollo.com\/certificacion\/wp-json\/wp\/v2\/product\/789","targetHints":{"allow":["GET"]}}],"collection":[{"href":"https:\/\/unefortalezaydesarrollo.com\/certificacion\/wp-json\/wp\/v2\/product"}],"about":[{"href":"https:\/\/unefortalezaydesarrollo.com\/certificacion\/wp-json\/wp\/v2\/types\/product"}],"replies":[{"embeddable":true,"href":"https:\/\/unefortalezaydesarrollo.com\/certificacion\/wp-json\/wp\/v2\/comments?post=789"}],"wp:featuredmedia":[{"embeddable":true,"href":"https:\/\/unefortalezaydesarrollo.com\/certificacion\/wp-json\/wp\/v2\/media\/5"}],"wp:attachment":[{"href":"https:\/\/unefortalezaydesarrollo.com\/certificacion\/wp-json\/wp\/v2\/media?parent=789"}],"wp:term":[{"taxonomy":"product_brand","embeddable":true,"href":"https:\/\/unefortalezaydesarrollo.com\/certificacion\/wp-json\/wp\/v2\/product_brand?post=789"},{"taxonomy":"product_cat","embeddable":true,"href":"https:\/\/unefortalezaydesarrollo.com\/certificacion\/wp-json\/wp\/v2\/product_cat?post=789"},{"taxonomy":"product_tag","embeddable":true,"href":"https:\/\/unefortalezaydesarrollo.com\/certificacion\/wp-json\/wp\/v2\/product_tag?post=789"}],"curies":[{"name":"wp","href":"https:\/\/api.w.org\/{rel}","templated":true}]}}