{"id":787,"date":"2020-07-22T16:44:31","date_gmt":"2020-07-22T21:44:31","guid":{"rendered":"https:\/\/unefortalezaydesarrollo.com\/certificacion\/?post_type=product&#038;p=787"},"modified":"2022-10-14T13:21:33","modified_gmt":"2022-10-14T18:21:33","slug":"curso-numerologia-terapeutica-2021","status":"publish","type":"product","link":"https:\/\/unefortalezaydesarrollo.com\/certificacion\/product\/curso-numerologia-terapeutica-2021\/","title":{"rendered":"3. Curso Numerolog\u00eda Terap\u00e9utica 2021"},"content":{"rendered":"<h4>\u00bfQu\u00e9 es la numerolog\u00eda terap\u00e9utica?<\/h4>\n<p>La numerolog\u00eda es una gran herramienta de auto conocimiento. El auto conocimiento nos lleva a la responsabilidad, y desde ah\u00ed hacia la conciencia, teniendo como consecuencia de este proceso la auto aceptaci\u00f3n y auto confianza requerida para aceptar, perdonar, sanar y adecuar nuestra respuesta a dichas situaciones.<\/p>\n<p>Cuando identificamos alguna experiencia compleja en nuestra vida y entendemos las situaciones que nos llevaron a ella es posible resignificar los eventos y, en consciencia, cambiar los resultados.<\/p>\n<div class=\"page\" title=\"Page 2\">\n<div class=\"layoutArea\">\n<div class=\"column\">\n<p>En este curso de interpretaci\u00f3n, comprendera\u0301s los rasgos de la personalidad que permanecen ocultos ante los ojos de tus consultantes, sus a\u0301reas de oportunidad, Karmas, regalo Divino, Sombra e incluso su misio\u0301n de vida enriquecida por sus Dones y Talentos.<\/p>\n<div class=\"page\" title=\"Page 2\">\n<div class=\"layoutArea\">\n<div class=\"column\">\n<p>Esta herramienta te permite ver \u201cla radiografi\u0301a del alma\u201d, y al conocerla, puedes comprender ma\u0301s fa\u0301cilmente su proceder y, por consecuencia, ayudar a tus consultantes a tomar decisiones ma\u0301s sabias.<\/p>\n<\/div>\n<\/div>\n<\/div>\n<\/div>\n<\/div>\n<\/div>\n","protected":false},"excerpt":{"rendered":"<p>\u00bfQu\u00e9 es la numerolog\u00eda terap\u00e9utica? La numerolog\u00eda es una gran herramienta de auto conocimiento. El auto conocimiento nos lleva a la responsabilidad, y desde ah\u00ed hacia la conciencia, teniendo como consecuencia de este proceso la auto aceptaci\u00f3n y auto confianza requerida para aceptar, perdonar, sanar y adecuar nuestra respuesta a<\/p>\n","protected":false},"featured_media":94,"comment_status":"open","ping_status":"closed","template":"","meta":{"_coblocks_attr":"","_coblocks_dimensions":"","_coblocks_responsive_height":"","_coblocks_accordion_ie_support":""},"product_brand":[],"product_cat":[53],"product_tag":[],"class_list":{"0":"post-787","1":"product","2":"type-product","3":"status-publish","4":"has-post-thumbnail","6":"product_cat-historico","8":"first","9":"outofstock","10":"virtual","11":"sold-individually","12":"taxable","13":"purchasable","14":"product-type-simple"},"jetpack_sharing_enabled":true,"_links":{"self":[{"href":"https:\/\/unefortalezaydesarrollo.com\/certificacion\/wp-json\/wp\/v2\/product\/787","targetHints":{"allow":["GET"]}}],"collection":[{"href":"https:\/\/unefortalezaydesarrollo.com\/certificacion\/wp-json\/wp\/v2\/product"}],"about":[{"href":"https:\/\/unefortalezaydesarrollo.com\/certificacion\/wp-json\/wp\/v2\/types\/product"}],"replies":[{"embeddable":true,"href":"https:\/\/unefortalezaydesarrollo.com\/certificacion\/wp-json\/wp\/v2\/comments?post=787"}],"wp:featuredmedia":[{"embeddable":true,"href":"https:\/\/unefortalezaydesarrollo.com\/certificacion\/wp-json\/wp\/v2\/media\/94"}],"wp:attachment":[{"href":"https:\/\/unefortalezaydesarrollo.com\/certificacion\/wp-json\/wp\/v2\/media?parent=787"}],"wp:term":[{"taxonomy":"product_brand","embeddable":true,"href":"https:\/\/unefortalezaydesarrollo.com\/certificacion\/wp-json\/wp\/v2\/product_brand?post=787"},{"taxonomy":"product_cat","embeddable":true,"href":"https:\/\/unefortalezaydesarrollo.com\/certificacion\/wp-json\/wp\/v2\/product_cat?post=787"},{"taxonomy":"product_tag","embeddable":true,"href":"https:\/\/unefortalezaydesarrollo.com\/certificacion\/wp-json\/wp\/v2\/product_tag?post=787"}],"curies":[{"name":"wp","href":"https:\/\/api.w.org\/{rel}","templated":true}]}}