{"id":783,"date":"2020-07-22T16:30:09","date_gmt":"2020-07-22T21:30:09","guid":{"rendered":"https:\/\/unefortalezaydesarrollo.com\/certificacion\/?post_type=product&#038;p=783"},"modified":"2023-01-19T14:29:18","modified_gmt":"2023-01-19T20:29:18","slug":"curso-acompanamiento-espiritual-2020","status":"publish","type":"product","link":"https:\/\/unefortalezaydesarrollo.com\/certificacion\/product\/curso-acompanamiento-espiritual-2020\/","title":{"rendered":"3. Curso Acompa\u00f1amiento Espiritual 2020"},"content":{"rendered":"<h4>\u00bfCu\u00e1l es tu concepto de espiritualidad?<\/h4>\n<blockquote><p><strong class=\"text-bold\"><em class=\"text-italic\">\u00abLa espiritualidad es una cualidad propia del ser humano, que nos lleva al autoconocimiento a partir de la toma de consciencia, para asumir la responsabilidad de vivir de una manera \u00e9tica, lo cu\u00e1l se logra mediante un proceso din\u00e1mico de trabajo personal\u00bb<\/em><\/strong><\/p><\/blockquote>\n<p>La <strong class=\"text-bold\">espiritualidad<\/strong> es una mirada al interior; es auto-conocimiento en conciencia, con responsabilidad; es una necesidad humana para vivir una vida \u00e9tica congruente.<\/p>\n<p>Etimol\u00f3gicamente hablando:<br \/>\n<em class=\"text-italic\">Esp\u00edritu<\/em> &#8211;&gt; Alma o viento. \u00c1lito de vida. Es la fuerza superior de la que no tenemos dominio. M\u00e1s all\u00e1 de nuestra\u00a0propia realidad.<br \/>\n<em class=\"text-italic\">Alis<\/em> &#8211;&gt; Condicionado \/ condici\u00f3n de<br \/>\n<em class=\"text-italic\">Dad<\/em> &#8211;&gt; Cualidad de algo<\/p>\n<h5>Y t\u00fa \u00bfC\u00f3mo construiste tu espiritualidad?<\/h5>\n","protected":false},"excerpt":{"rendered":"<p>\u00bfCu\u00e1l es tu concepto de espiritualidad? \u00abLa espiritualidad es una cualidad propia del ser humano, que nos lleva al autoconocimiento a partir de la toma de consciencia, para asumir la responsabilidad de vivir de una manera \u00e9tica, lo cu\u00e1l se logra mediante un proceso din\u00e1mico de trabajo personal\u00bb La espiritualidad<\/p>\n","protected":false},"featured_media":78,"comment_status":"open","ping_status":"closed","template":"","meta":{"_coblocks_attr":"","_coblocks_dimensions":"","_coblocks_responsive_height":"","_coblocks_accordion_ie_support":""},"product_brand":[],"product_cat":[53],"product_tag":[],"class_list":{"0":"post-783","1":"product","2":"type-product","3":"status-publish","4":"has-post-thumbnail","6":"product_cat-historico","8":"first","9":"outofstock","10":"virtual","11":"sold-individually","12":"taxable","13":"purchasable","14":"product-type-simple"},"jetpack_sharing_enabled":true,"_links":{"self":[{"href":"https:\/\/unefortalezaydesarrollo.com\/certificacion\/wp-json\/wp\/v2\/product\/783","targetHints":{"allow":["GET"]}}],"collection":[{"href":"https:\/\/unefortalezaydesarrollo.com\/certificacion\/wp-json\/wp\/v2\/product"}],"about":[{"href":"https:\/\/unefortalezaydesarrollo.com\/certificacion\/wp-json\/wp\/v2\/types\/product"}],"replies":[{"embeddable":true,"href":"https:\/\/unefortalezaydesarrollo.com\/certificacion\/wp-json\/wp\/v2\/comments?post=783"}],"wp:featuredmedia":[{"embeddable":true,"href":"https:\/\/unefortalezaydesarrollo.com\/certificacion\/wp-json\/wp\/v2\/media\/78"}],"wp:attachment":[{"href":"https:\/\/unefortalezaydesarrollo.com\/certificacion\/wp-json\/wp\/v2\/media?parent=783"}],"wp:term":[{"taxonomy":"product_brand","embeddable":true,"href":"https:\/\/unefortalezaydesarrollo.com\/certificacion\/wp-json\/wp\/v2\/product_brand?post=783"},{"taxonomy":"product_cat","embeddable":true,"href":"https:\/\/unefortalezaydesarrollo.com\/certificacion\/wp-json\/wp\/v2\/product_cat?post=783"},{"taxonomy":"product_tag","embeddable":true,"href":"https:\/\/unefortalezaydesarrollo.com\/certificacion\/wp-json\/wp\/v2\/product_tag?post=783"}],"curies":[{"name":"wp","href":"https:\/\/api.w.org\/{rel}","templated":true}]}}