{"id":405,"date":"2020-06-05T10:51:57","date_gmt":"2020-06-05T15:51:57","guid":{"rendered":"https:\/\/unefortalezaydesarrollo.com\/certificacion\/?post_type=product&#038;p=405"},"modified":"2024-08-01T11:49:20","modified_gmt":"2024-08-01T17:49:20","slug":"curso-conciencia-de-salud-2020","status":"publish","type":"product","link":"https:\/\/unefortalezaydesarrollo.com\/certificacion\/product\/curso-conciencia-de-salud-2020\/","title":{"rendered":"1. Curso Conciencia de Salud y Psicoenerg\u00eda 2020"},"content":{"rendered":"<h4>\u00bfQu\u00e9 es la conciencia de salud?<\/h4>\n<p><strong class=\"text-bold\">Consciencia<\/strong> es vivir y estar en el aqu\u00ed y el ahora. El <strong>aqu\u00ed y ahora<\/strong> es que nuestro Cuerpo, mente, alma y coraz\u00f3n est\u00e9n en el mismo lugar. <em>(Donde est\u00e1 mi atenci\u00f3n estoy yo)<\/em>. Desde esta conciencia podemos realizar un <strong>diagn\u00f3stico metaf\u00edsico de nuestra salud<\/strong>.<\/p>\n<blockquote><p><span style=\"font-size: var(--go--font-size); color: var(--go--color--text); font-family: var(--go--font-family); font-weight: var(--go--font-weight,400); letter-spacing: var(--go--letter-spacing,normal);\">\u00abPara el esp\u00edritu, las emociones y el cerebro, no existe diferencia entre la realidad y lo que yo imagino\u00bb.<\/span><\/p><\/blockquote>\n<ul>\n<li>Lo que me diferencia de otros seres (del reino mineral, vegetal y animal) es la capacidad de soportar un cierto \u00abdolor\u00bb (sacrificio = tarea sagrada, que me lleva m\u00e1s all\u00e1), por obtener un bien mayor.<\/li>\n<li>La gran ventaja: El ser humano es un proyecto en desarrollo constante (reprogramable), no es un producto terminado.<\/li>\n<\/ul>\n<h4>Diagn\u00f3stico metaf\u00edsico de la salud<\/h4>\n<p>Se nombra <strong>metaf\u00edsico<\/strong> porque va <em class=\"text-italic\"><strong class=\"text-bold\">m\u00e1s all\u00e1 de lo f\u00edsico<\/strong><\/em>, m\u00e1s all\u00e1 de lo que nuestros limitados 5 sentidos nos pueden ayudar a percibir: Emociones, sentimientos, pensamientos, ideas, intuici\u00f3n, energ\u00eda, espiritual.<\/p>\n<p>La finalidad es entender los mensajes que el cuerpo nos manda a trav\u00e9s de los s\u00edntomas. Es importante cuidar nuestra alimentaci\u00f3n mental, emocional y espiritual, ser selectivos con los que dejamos entrar. Cada componente de nuestro Ser humano <em>(Cuerpo, mente, alma y coraz\u00f3n)<\/em> habla un idioma diferente, y utilizan un equivalente al lenguaje de se\u00f1as para comunicarse y darnos a entender sus percepciones, conflictos o necesidades.<\/p>\n","protected":false},"excerpt":{"rendered":"<p>\u00bfQu\u00e9 es la conciencia de salud? Consciencia es vivir y estar en el aqu\u00ed y el ahora. El aqu\u00ed y ahora es que nuestro Cuerpo, mente, alma y coraz\u00f3n est\u00e9n en el mismo lugar. (Donde est\u00e1 mi atenci\u00f3n estoy yo). Desde esta conciencia podemos realizar un diagn\u00f3stico metaf\u00edsico de nuestra<\/p>\n","protected":false},"featured_media":99,"comment_status":"open","ping_status":"closed","template":"","meta":{"_coblocks_attr":"","_coblocks_dimensions":"","_coblocks_responsive_height":"","_coblocks_accordion_ie_support":""},"product_brand":[],"product_cat":[53],"product_tag":[],"class_list":{"0":"post-405","1":"product","2":"type-product","3":"status-publish","4":"has-post-thumbnail","6":"product_cat-historico","8":"first","9":"outofstock","10":"virtual","11":"sold-individually","12":"taxable","13":"purchasable","14":"product-type-simple"},"jetpack_sharing_enabled":true,"_links":{"self":[{"href":"https:\/\/unefortalezaydesarrollo.com\/certificacion\/wp-json\/wp\/v2\/product\/405","targetHints":{"allow":["GET"]}}],"collection":[{"href":"https:\/\/unefortalezaydesarrollo.com\/certificacion\/wp-json\/wp\/v2\/product"}],"about":[{"href":"https:\/\/unefortalezaydesarrollo.com\/certificacion\/wp-json\/wp\/v2\/types\/product"}],"replies":[{"embeddable":true,"href":"https:\/\/unefortalezaydesarrollo.com\/certificacion\/wp-json\/wp\/v2\/comments?post=405"}],"wp:featuredmedia":[{"embeddable":true,"href":"https:\/\/unefortalezaydesarrollo.com\/certificacion\/wp-json\/wp\/v2\/media\/99"}],"wp:attachment":[{"href":"https:\/\/unefortalezaydesarrollo.com\/certificacion\/wp-json\/wp\/v2\/media?parent=405"}],"wp:term":[{"taxonomy":"product_brand","embeddable":true,"href":"https:\/\/unefortalezaydesarrollo.com\/certificacion\/wp-json\/wp\/v2\/product_brand?post=405"},{"taxonomy":"product_cat","embeddable":true,"href":"https:\/\/unefortalezaydesarrollo.com\/certificacion\/wp-json\/wp\/v2\/product_cat?post=405"},{"taxonomy":"product_tag","embeddable":true,"href":"https:\/\/unefortalezaydesarrollo.com\/certificacion\/wp-json\/wp\/v2\/product_tag?post=405"}],"curies":[{"name":"wp","href":"https:\/\/api.w.org\/{rel}","templated":true}]}}