{"id":3737,"date":"2023-07-12T06:00:08","date_gmt":"2023-07-12T11:00:08","guid":{"rendered":"https:\/\/unefortalezaydesarrollo.com\/certificacion\/?post_type=product&#038;p=3737"},"modified":"2023-08-08T18:06:06","modified_gmt":"2023-08-08T23:06:06","slug":"identificacion-de-necesidades","status":"publish","type":"product","link":"https:\/\/unefortalezaydesarrollo.com\/certificacion\/product\/identificacion-de-necesidades\/","title":{"rendered":"Identificaci\u00f3n de necesidades"},"content":{"rendered":"<div class=\"fl-module fl-module-rich-text fl-node-bf2vx4t1mwps\" data-node=\"bf2vx4t1mwps\">\n<div class=\"fl-module-content fl-node-content\">\n<div class=\"fl-rich-text\">\n<p>Desarrolla habilidades para identificar y analizar las necesidades de un proyecto o situaci\u00f3n<\/p>\n<p><strong>Duraci\u00f3n:<\/strong>\u00a06 horas<br \/>\n<strong>Instructor:\u00a0<\/strong>Ra\u00fal Ernesto G\u00edo, Coach<br \/>\n<strong>Modalidad:<\/strong>\u00a0Digital as\u00edncrona + s\u00edncrona\u00a0<em>(asesor\u00edas quincenales)<\/em><br \/>\n<strong>Costo individual:<\/strong>\u00a0$2,000 pesos mxn<br \/>\n<strong>Precio en Plan (PCL): <\/strong>$1,500 pesos mxn<strong><br \/>\nRequisitos previos:<\/strong>\u00a0Ninguno<\/p>\n<p><strong>Descripci\u00f3n:<\/strong><br \/>\nEl curso de Identificaci\u00f3n de Necesidades te proporcionar\u00e1 las herramientas y t\u00e9cnicas necesarias para identificar y comprender eficientemente las necesidades en diferentes contextos. Aprender\u00e1s a realizar an\u00e1lisis de necesidades utilizando diversos m\u00e9todos de recolecci\u00f3n de datos y a evaluar su importancia para la toma de decisiones informadas.<\/p>\n<p><strong>Contenido:<\/strong><\/p>\n<ol>\n<li>Fundamentos de la Identificaci\u00f3n de Necesidades<\/li>\n<li>M\u00e9todos de Recolecci\u00f3n de Datos<\/li>\n<li>Evaluaci\u00f3n y Priorizaci\u00f3n de Necesidades<\/li>\n<\/ol>\n<\/div>\n<\/div>\n<\/div>\n","protected":false},"excerpt":{"rendered":"<p>El curso de Identificaci\u00f3n de Necesidades te proporcionar\u00e1 las herramientas y t\u00e9cnicas necesarias para identificar y comprender eficientemente las necesidades en diferentes contextos. Aprender\u00e1s a realizar an\u00e1lisis de necesidades utilizando diversos m\u00e9todos de recolecci\u00f3n de datos y a evaluar su importancia para la toma de decisiones informadas.<\/p>\n","protected":false},"featured_media":3738,"comment_status":"open","ping_status":"closed","template":"","meta":{"_coblocks_attr":"","_coblocks_dimensions":"","_coblocks_responsive_height":"","_coblocks_accordion_ie_support":""},"product_brand":[],"product_cat":[69],"product_tag":[70],"class_list":{"0":"post-3737","1":"product","2":"type-product","3":"status-publish","4":"has-post-thumbnail","6":"product_cat-liderazgo","7":"product_tag-liderazgo","9":"first","10":"instock","11":"virtual","12":"sold-individually","13":"taxable","14":"purchasable","15":"product-type-simple"},"jetpack_sharing_enabled":true,"_links":{"self":[{"href":"https:\/\/unefortalezaydesarrollo.com\/certificacion\/wp-json\/wp\/v2\/product\/3737","targetHints":{"allow":["GET"]}}],"collection":[{"href":"https:\/\/unefortalezaydesarrollo.com\/certificacion\/wp-json\/wp\/v2\/product"}],"about":[{"href":"https:\/\/unefortalezaydesarrollo.com\/certificacion\/wp-json\/wp\/v2\/types\/product"}],"replies":[{"embeddable":true,"href":"https:\/\/unefortalezaydesarrollo.com\/certificacion\/wp-json\/wp\/v2\/comments?post=3737"}],"wp:featuredmedia":[{"embeddable":true,"href":"https:\/\/unefortalezaydesarrollo.com\/certificacion\/wp-json\/wp\/v2\/media\/3738"}],"wp:attachment":[{"href":"https:\/\/unefortalezaydesarrollo.com\/certificacion\/wp-json\/wp\/v2\/media?parent=3737"}],"wp:term":[{"taxonomy":"product_brand","embeddable":true,"href":"https:\/\/unefortalezaydesarrollo.com\/certificacion\/wp-json\/wp\/v2\/product_brand?post=3737"},{"taxonomy":"product_cat","embeddable":true,"href":"https:\/\/unefortalezaydesarrollo.com\/certificacion\/wp-json\/wp\/v2\/product_cat?post=3737"},{"taxonomy":"product_tag","embeddable":true,"href":"https:\/\/unefortalezaydesarrollo.com\/certificacion\/wp-json\/wp\/v2\/product_tag?post=3737"}],"curies":[{"name":"wp","href":"https:\/\/api.w.org\/{rel}","templated":true}]}}