{"id":3735,"date":"2023-07-11T06:00:40","date_gmt":"2023-07-11T11:00:40","guid":{"rendered":"https:\/\/unefortalezaydesarrollo.com\/certificacion\/?post_type=product&#038;p=3735"},"modified":"2023-08-08T18:06:26","modified_gmt":"2023-08-08T23:06:26","slug":"liderazgo-situacional","status":"publish","type":"product","link":"https:\/\/unefortalezaydesarrollo.com\/certificacion\/product\/liderazgo-situacional\/","title":{"rendered":"Liderazgo situacional"},"content":{"rendered":"<div class=\"fl-module fl-module-rich-text fl-node-bf2vx4t1mwps\" data-node=\"bf2vx4t1mwps\">\n<div class=\"fl-module-content fl-node-content\">\n<div class=\"fl-rich-text\">\n<p>Desarrolla habilidades de liderazgo adaptativas<\/p>\n<p><strong>Duraci\u00f3n:<\/strong>\u00a06 horas<br \/>\n<strong>Instructor:\u00a0<\/strong>Ra\u00fal Ernesto G\u00edo, Coach<br \/>\n<strong>Modalidad:<\/strong>\u00a0Digital as\u00edncrona + s\u00edncrona\u00a0<em>(asesor\u00edas quincenales)<\/em><br \/>\n<strong>Costo individual:<\/strong>\u00a0$2,000 pesos mxn<br \/>\n<strong>Precio en Plan (PCL): <\/strong>$1,500 pesos mxn<strong><br \/>\nRequisitos previos:<\/strong>\u00a0Ninguno<\/p>\n<p><strong>Descripci\u00f3n:<\/strong><br \/>\nEl curso de Liderazgo Situacional proporciona a los participantes las herramientas y conocimientos necesarios para liderar eficazmente en diferentes situaciones. Se explorar\u00e1n los diferentes estilos de liderazgo y c\u00f3mo adaptarlos seg\u00fan las necesidades del equipo y la situaci\u00f3n espec\u00edfica. Los participantes aprender\u00e1n a evaluar el nivel de desarrollo de sus colaboradores y a aplicar la estrategia de liderazgo m\u00e1s adecuada para maximizar el rendimiento y el crecimiento individual y colectivo.<\/p>\n<p><strong>Contenido:<\/strong><\/p>\n<ol>\n<li>Estilos de Liderazgo<\/li>\n<li>Evaluaci\u00f3n del Desarrollo<\/li>\n<li>Aplicaci\u00f3n Pr\u00e1ctica<\/li>\n<\/ol>\n<\/div>\n<\/div>\n<\/div>\n","protected":false},"excerpt":{"rendered":"<p>El curso de Liderazgo Situacional proporciona a los participantes las herramientas y conocimientos necesarios para liderar eficazmente en diferentes situaciones. Se explorar\u00e1n los diferentes estilos de liderazgo y c\u00f3mo adaptarlos seg\u00fan las necesidades del equipo y la situaci\u00f3n espec\u00edfica. Los participantes aprender\u00e1n a evaluar el nivel de desarrollo de sus colaboradores y a aplicar la estrategia de liderazgo m\u00e1s adecuada para maximizar el rendimiento y el crecimiento individual y colectivo.<\/p>\n","protected":false},"featured_media":3736,"comment_status":"open","ping_status":"closed","template":"","meta":{"_coblocks_attr":"","_coblocks_dimensions":"","_coblocks_responsive_height":"","_coblocks_accordion_ie_support":""},"product_brand":[],"product_cat":[69],"product_tag":[70],"class_list":{"0":"post-3735","1":"product","2":"type-product","3":"status-publish","4":"has-post-thumbnail","6":"product_cat-liderazgo","7":"product_tag-liderazgo","9":"first","10":"instock","11":"virtual","12":"sold-individually","13":"taxable","14":"purchasable","15":"product-type-simple"},"jetpack_sharing_enabled":true,"_links":{"self":[{"href":"https:\/\/unefortalezaydesarrollo.com\/certificacion\/wp-json\/wp\/v2\/product\/3735","targetHints":{"allow":["GET"]}}],"collection":[{"href":"https:\/\/unefortalezaydesarrollo.com\/certificacion\/wp-json\/wp\/v2\/product"}],"about":[{"href":"https:\/\/unefortalezaydesarrollo.com\/certificacion\/wp-json\/wp\/v2\/types\/product"}],"replies":[{"embeddable":true,"href":"https:\/\/unefortalezaydesarrollo.com\/certificacion\/wp-json\/wp\/v2\/comments?post=3735"}],"wp:featuredmedia":[{"embeddable":true,"href":"https:\/\/unefortalezaydesarrollo.com\/certificacion\/wp-json\/wp\/v2\/media\/3736"}],"wp:attachment":[{"href":"https:\/\/unefortalezaydesarrollo.com\/certificacion\/wp-json\/wp\/v2\/media?parent=3735"}],"wp:term":[{"taxonomy":"product_brand","embeddable":true,"href":"https:\/\/unefortalezaydesarrollo.com\/certificacion\/wp-json\/wp\/v2\/product_brand?post=3735"},{"taxonomy":"product_cat","embeddable":true,"href":"https:\/\/unefortalezaydesarrollo.com\/certificacion\/wp-json\/wp\/v2\/product_cat?post=3735"},{"taxonomy":"product_tag","embeddable":true,"href":"https:\/\/unefortalezaydesarrollo.com\/certificacion\/wp-json\/wp\/v2\/product_tag?post=3735"}],"curies":[{"name":"wp","href":"https:\/\/api.w.org\/{rel}","templated":true}]}}