{"id":3731,"date":"2023-07-08T06:00:30","date_gmt":"2023-07-08T11:00:30","guid":{"rendered":"https:\/\/unefortalezaydesarrollo.com\/certificacion\/?post_type=product&#038;p=3731"},"modified":"2023-08-07T14:49:42","modified_gmt":"2023-08-07T19:49:42","slug":"plan-de-carrera-en-liderazgo","status":"publish","type":"product","link":"https:\/\/unefortalezaydesarrollo.com\/certificacion\/product\/plan-de-carrera-en-liderazgo\/","title":{"rendered":"Plan de Carrera en Liderazgo"},"content":{"rendered":"<p>Los cursos del\u00a0<strong>Plan de Carrera<\/strong>\u00a0son independientes y pueden ser cursados en cualquier orden y tiempo. Para obtener una certificaci\u00f3n oficial (SEP) CONOCER, debes presentar los certificados de los cursos como\u00a0<strong>evidencia<\/strong>\u00a0de los conocimientos adquiridos. As\u00ed podr\u00e1s iniciar con tu\u00a0<strong>Alineaci\u00f3n y Asesor\u00eda<\/strong>\u00a0personalizada para presentar el examen de\u00a0<strong>Evaluaci\u00f3n con fines de Certificaci\u00f3n<\/strong>\u00a0y demostrar de manera s\u00f3lida y verificable tus desempe\u00f1os, productos, actitudes, h\u00e1bitos y valores en esta \u00e1rea espec\u00edfica. Con base en esta documentaci\u00f3n, el\u00a0<strong>CONOCER<\/strong>\u00a0otorgar\u00e1 la\u00a0<strong>certificaci\u00f3n EC1061<\/strong>.<\/p>\n<p>Al comprar utiliza el cup\u00f3n: <span style=\"color: #8000c0;\"><strong>PLANLIDER<\/strong> <\/span>para recibir el <strong>Precio en Plan (PCL)<\/strong>.<\/p>\n","protected":false},"excerpt":{"rendered":"<p>Los cursos del\u00a0<strong>Plan de Carrera<\/strong>\u00a0son independientes y pueden ser cursados en cualquier orden y tiempo. Para obtener una certificaci\u00f3n oficial (SEP) CONOCER, debes presentar los certificados de los cursos como\u00a0<strong>evidencia<\/strong>\u00a0de los conocimientos adquiridos. As\u00ed podr\u00e1s iniciar con tu\u00a0<strong>Alineaci\u00f3n y Asesor\u00eda<\/strong>\u00a0personalizada para presentar el examen de\u00a0<strong>Evaluaci\u00f3n con fines de Certificaci\u00f3n<\/strong>\u00a0y demostrar de manera s\u00f3lida y verificable tus desempe\u00f1os, productos, actitudes, h\u00e1bitos y valores en esta \u00e1rea espec\u00edfica. Con base en esta documentaci\u00f3n, el\u00a0<strong>CONOCER<\/strong>\u00a0otorgar\u00e1 la\u00a0<strong>certificaci\u00f3n EC0234<\/strong>.<\/p>\n<p>Al comprar utiliza el cup\u00f3n: <span style=\"color: #8000c0;\"><strong>PLANLIDER<\/strong>\u00a0<\/span>para recibir el <strong>Precio en Plan (PCL)<\/strong>.<\/p>\n","protected":false},"featured_media":3732,"comment_status":"open","ping_status":"closed","template":"","meta":{"_coblocks_attr":"","_coblocks_dimensions":"","_coblocks_responsive_height":"","_coblocks_accordion_ie_support":""},"product_brand":[],"product_cat":[69],"product_tag":[70],"class_list":{"0":"post-3731","1":"product","2":"type-product","3":"status-publish","4":"has-post-thumbnail","6":"product_cat-liderazgo","7":"product_tag-liderazgo","9":"first","10":"instock","11":"sale","12":"featured","13":"taxable","14":"shipping-taxable","15":"product-type-grouped"},"jetpack_sharing_enabled":true,"_links":{"self":[{"href":"https:\/\/unefortalezaydesarrollo.com\/certificacion\/wp-json\/wp\/v2\/product\/3731","targetHints":{"allow":["GET"]}}],"collection":[{"href":"https:\/\/unefortalezaydesarrollo.com\/certificacion\/wp-json\/wp\/v2\/product"}],"about":[{"href":"https:\/\/unefortalezaydesarrollo.com\/certificacion\/wp-json\/wp\/v2\/types\/product"}],"replies":[{"embeddable":true,"href":"https:\/\/unefortalezaydesarrollo.com\/certificacion\/wp-json\/wp\/v2\/comments?post=3731"}],"wp:featuredmedia":[{"embeddable":true,"href":"https:\/\/unefortalezaydesarrollo.com\/certificacion\/wp-json\/wp\/v2\/media\/3732"}],"wp:attachment":[{"href":"https:\/\/unefortalezaydesarrollo.com\/certificacion\/wp-json\/wp\/v2\/media?parent=3731"}],"wp:term":[{"taxonomy":"product_brand","embeddable":true,"href":"https:\/\/unefortalezaydesarrollo.com\/certificacion\/wp-json\/wp\/v2\/product_brand?post=3731"},{"taxonomy":"product_cat","embeddable":true,"href":"https:\/\/unefortalezaydesarrollo.com\/certificacion\/wp-json\/wp\/v2\/product_cat?post=3731"},{"taxonomy":"product_tag","embeddable":true,"href":"https:\/\/unefortalezaydesarrollo.com\/certificacion\/wp-json\/wp\/v2\/product_tag?post=3731"}],"curies":[{"name":"wp","href":"https:\/\/api.w.org\/{rel}","templated":true}]}}