{"id":3724,"date":"2023-07-02T05:00:44","date_gmt":"2023-07-02T10:00:44","guid":{"rendered":"https:\/\/unefortalezaydesarrollo.com\/certificacion\/?post_type=product&#038;p=3724"},"modified":"2023-08-19T20:27:01","modified_gmt":"2023-08-20T01:27:01","slug":"alineacion-y-asesoria-para-el-ec-0234","status":"publish","type":"product","link":"https:\/\/unefortalezaydesarrollo.com\/certificacion\/product\/alineacion-y-asesoria-para-el-ec-0234\/","title":{"rendered":"Proceso de Alineaci\u00f3n y Asesor\u00eda para el EC0234"},"content":{"rendered":"<p>Alineaci\u00f3n y Asesor\u00eda para la Evaluaci\u00f3n con fines de Certificaci\u00f3n en el <strong>EC 0234 &#8211; Facilitaci\u00f3n de sesiones de coaching transformacional<\/strong><\/p>\n","protected":false},"excerpt":{"rendered":"<p>Alineaci\u00f3n y Asesor\u00eda para la Evaluaci\u00f3n con fines de Certificaci\u00f3n en el <strong>EC 0234 &#8211; Facilitaci\u00f3n de sesiones de coaching transformacional<\/strong><\/p>\n","protected":false},"featured_media":251,"comment_status":"open","ping_status":"closed","template":"","meta":{"_coblocks_attr":"","_coblocks_dimensions":"","_coblocks_responsive_height":"","_coblocks_accordion_ie_support":""},"product_brand":[],"product_cat":[67,59],"product_tag":[68],"class_list":{"0":"post-3724","1":"product","2":"type-product","3":"status-publish","4":"has-post-thumbnail","6":"product_cat-coaching","7":"product_cat-alineaciones","8":"product_tag-coaching","10":"first","11":"instock","12":"sale","13":"virtual","14":"sold-individually","15":"taxable","16":"purchasable","17":"product-type-simple"},"jetpack_sharing_enabled":true,"_links":{"self":[{"href":"https:\/\/unefortalezaydesarrollo.com\/certificacion\/wp-json\/wp\/v2\/product\/3724","targetHints":{"allow":["GET"]}}],"collection":[{"href":"https:\/\/unefortalezaydesarrollo.com\/certificacion\/wp-json\/wp\/v2\/product"}],"about":[{"href":"https:\/\/unefortalezaydesarrollo.com\/certificacion\/wp-json\/wp\/v2\/types\/product"}],"replies":[{"embeddable":true,"href":"https:\/\/unefortalezaydesarrollo.com\/certificacion\/wp-json\/wp\/v2\/comments?post=3724"}],"wp:featuredmedia":[{"embeddable":true,"href":"https:\/\/unefortalezaydesarrollo.com\/certificacion\/wp-json\/wp\/v2\/media\/251"}],"wp:attachment":[{"href":"https:\/\/unefortalezaydesarrollo.com\/certificacion\/wp-json\/wp\/v2\/media?parent=3724"}],"wp:term":[{"taxonomy":"product_brand","embeddable":true,"href":"https:\/\/unefortalezaydesarrollo.com\/certificacion\/wp-json\/wp\/v2\/product_brand?post=3724"},{"taxonomy":"product_cat","embeddable":true,"href":"https:\/\/unefortalezaydesarrollo.com\/certificacion\/wp-json\/wp\/v2\/product_cat?post=3724"},{"taxonomy":"product_tag","embeddable":true,"href":"https:\/\/unefortalezaydesarrollo.com\/certificacion\/wp-json\/wp\/v2\/product_tag?post=3724"}],"curies":[{"name":"wp","href":"https:\/\/api.w.org\/{rel}","templated":true}]}}