{"id":3718,"date":"2023-07-06T05:00:35","date_gmt":"2023-07-06T10:00:35","guid":{"rendered":"https:\/\/unefortalezaydesarrollo.com\/certificacion\/?post_type=product&#038;p=3718"},"modified":"2023-08-10T15:19:03","modified_gmt":"2023-08-10T20:19:03","slug":"coaching-ejecutivo","status":"publish","type":"product","link":"https:\/\/unefortalezaydesarrollo.com\/certificacion\/product\/coaching-ejecutivo\/","title":{"rendered":"Coaching ejecutivo"},"content":{"rendered":"<p>Potencia tus habilidades de coaching y liderazgo<\/p>\n<p><strong>Duraci\u00f3n:<\/strong>\u00a08 horas<br \/>\n<strong>Instructor:\u00a0<\/strong>Ra\u00fal Ernesto G\u00edo, Coach<br \/>\n<strong>Modalidad:<\/strong>\u00a0Digital as\u00edncrona + s\u00edncrona\u00a0<em>(asesor\u00edas quincenales)<\/em><br \/>\n<strong>Costo individual:<\/strong>\u00a0$2,500 pesos mxn<br \/>\n<strong>Precio en Plan (PCCT): <\/strong>$2,000 pesos mxn<strong><br \/>\nRequisitos previos:<\/strong>\u00a0Ninguno<\/p>\n<p><strong>Descripci\u00f3n:<\/strong><br \/>\nEl curso de Coaching ejecutivo est\u00e1 dise\u00f1ado para brindar a profesionales y l\u00edderes las habilidades necesarias para desempe\u00f1arse como coaches efectivos en entornos empresariales. A lo largo del curso, los participantes aprender\u00e1n t\u00e9cnicas de coaching, comunicaci\u00f3n efectiva y liderazgo inspirador. Se explorar\u00e1n las mejores pr\u00e1cticas en coaching ejecutivo y se adquirir\u00e1n herramientas pr\u00e1cticas para aplicar en situaciones reales. El curso se enfoca en el desarrollo de competencias clave, tales como la escucha activa, el establecimiento de metas, el manejo del cambio y la construcci\u00f3n de relaciones de confianza con los empleados.<\/p>\n<p><strong>Contenido:<\/strong><\/p>\n<ol>\n<li>Fundamentos del coaching ejecutivo<\/li>\n<li>T\u00e9cnicas avanzadas de coaching<\/li>\n<li>Liderazgo inspirador<\/li>\n<\/ol>\n","protected":false},"excerpt":{"rendered":"<p>El curso de Coaching ejecutivo est\u00e1 dise\u00f1ado para brindar a profesionales y l\u00edderes las habilidades necesarias para desempe\u00f1arse como coaches efectivos en entornos empresariales. A lo largo del curso, los participantes aprender\u00e1n t\u00e9cnicas de coaching, comunicaci\u00f3n efectiva y liderazgo inspirador. Se explorar\u00e1n las mejores pr\u00e1cticas en coaching ejecutivo y se adquirir\u00e1n herramientas pr\u00e1cticas para aplicar en situaciones reales. El curso se enfoca en el desarrollo de competencias clave, tales como la escucha activa, el establecimiento de metas, el manejo del cambio y la construcci\u00f3n de relaciones de confianza con los empleados.<\/p>\n","protected":false},"featured_media":3719,"comment_status":"open","ping_status":"closed","template":"","meta":{"_coblocks_attr":"","_coblocks_dimensions":"","_coblocks_responsive_height":"","_coblocks_accordion_ie_support":""},"product_brand":[],"product_cat":[67],"product_tag":[68],"class_list":{"0":"post-3718","1":"product","2":"type-product","3":"status-publish","4":"has-post-thumbnail","6":"product_cat-coaching","7":"product_tag-coaching","9":"first","10":"instock","11":"virtual","12":"sold-individually","13":"taxable","14":"purchasable","15":"product-type-simple"},"jetpack_sharing_enabled":true,"_links":{"self":[{"href":"https:\/\/unefortalezaydesarrollo.com\/certificacion\/wp-json\/wp\/v2\/product\/3718","targetHints":{"allow":["GET"]}}],"collection":[{"href":"https:\/\/unefortalezaydesarrollo.com\/certificacion\/wp-json\/wp\/v2\/product"}],"about":[{"href":"https:\/\/unefortalezaydesarrollo.com\/certificacion\/wp-json\/wp\/v2\/types\/product"}],"replies":[{"embeddable":true,"href":"https:\/\/unefortalezaydesarrollo.com\/certificacion\/wp-json\/wp\/v2\/comments?post=3718"}],"wp:featuredmedia":[{"embeddable":true,"href":"https:\/\/unefortalezaydesarrollo.com\/certificacion\/wp-json\/wp\/v2\/media\/3719"}],"wp:attachment":[{"href":"https:\/\/unefortalezaydesarrollo.com\/certificacion\/wp-json\/wp\/v2\/media?parent=3718"}],"wp:term":[{"taxonomy":"product_brand","embeddable":true,"href":"https:\/\/unefortalezaydesarrollo.com\/certificacion\/wp-json\/wp\/v2\/product_brand?post=3718"},{"taxonomy":"product_cat","embeddable":true,"href":"https:\/\/unefortalezaydesarrollo.com\/certificacion\/wp-json\/wp\/v2\/product_cat?post=3718"},{"taxonomy":"product_tag","embeddable":true,"href":"https:\/\/unefortalezaydesarrollo.com\/certificacion\/wp-json\/wp\/v2\/product_tag?post=3718"}],"curies":[{"name":"wp","href":"https:\/\/api.w.org\/{rel}","templated":true}]}}