{"id":3714,"date":"2023-07-04T05:00:40","date_gmt":"2023-07-04T10:00:40","guid":{"rendered":"https:\/\/unefortalezaydesarrollo.com\/certificacion\/?post_type=product&#038;p=3714"},"modified":"2023-08-10T15:17:49","modified_gmt":"2023-08-10T20:17:49","slug":"coaching-mindfulness","status":"publish","type":"product","link":"https:\/\/unefortalezaydesarrollo.com\/certificacion\/product\/coaching-mindfulness\/","title":{"rendered":"Coaching Mindfulness"},"content":{"rendered":"<p>Desarrolla habilidades de coaching para guiar a otros en la pr\u00e1ctica de mindfulness.<\/p>\n<p><strong>Duraci\u00f3n:<\/strong>\u00a08 horas<br \/>\n<strong>Instructor:\u00a0<\/strong>Ra\u00fal Ernesto G\u00edo, Coach<br \/>\n<strong>Modalidad:<\/strong>\u00a0Digital as\u00edncrona + s\u00edncrona\u00a0<em>(asesor\u00edas quincenales)<\/em><br \/>\n<strong>Costo individual:<\/strong>\u00a0$2,500 pesos mxn<br \/>\n<strong>Precio en Plan (PCCT): <\/strong>$2,000 pesos mxn<strong><br \/>\nRequisitos previos:<\/strong>\u00a0Ninguno<\/p>\n<p><strong>Descripci\u00f3n:<\/strong><br \/>\nEste curso est\u00e1 dise\u00f1ado para ayudarte a desarrollar las habilidades necesarias para ser un coach de mindfulness efectivo. Aprender\u00e1s t\u00e9cnicas y estrategias para guiar a otros en la pr\u00e1ctica de la atenci\u00f3n plena, fomentando la conciencia y el bienestar. El curso combina teor\u00eda y pr\u00e1ctica, brind\u00e1ndote una comprensi\u00f3n profunda de los fundamentos del mindfulness y c\u00f3mo aplicarlo en un contexto de coaching.<\/p>\n<p><strong>Contenido:<br \/>\n<\/strong><\/p>\n<ol>\n<li>Introducci\u00f3n al Mindfulness<\/li>\n<li>T\u00e9cnicas de Coaching en Mindfulness<\/li>\n<li>Aplicaciones Pr\u00e1cticas del Mindfulness en Coaching<\/li>\n<\/ol>\n","protected":false},"excerpt":{"rendered":"<p>Este curso est\u00e1 dise\u00f1ado para ayudarte a desarrollar las habilidades necesarias para ser un coach de mindfulness efectivo. Aprender\u00e1s t\u00e9cnicas y estrategias para guiar a otros en la pr\u00e1ctica de la atenci\u00f3n plena, fomentando la conciencia y el bienestar. El curso combina teor\u00eda y pr\u00e1ctica, brind\u00e1ndote una comprensi\u00f3n profunda de los fundamentos del mindfulness y c\u00f3mo aplicarlo en un contexto de coaching.<\/p>\n","protected":false},"featured_media":3715,"comment_status":"open","ping_status":"closed","template":"","meta":{"_coblocks_attr":"","_coblocks_dimensions":"","_coblocks_responsive_height":"","_coblocks_accordion_ie_support":""},"product_brand":[],"product_cat":[67],"product_tag":[68],"class_list":{"0":"post-3714","1":"product","2":"type-product","3":"status-publish","4":"has-post-thumbnail","6":"product_cat-coaching","7":"product_tag-coaching","9":"first","10":"instock","11":"virtual","12":"sold-individually","13":"taxable","14":"purchasable","15":"product-type-simple"},"jetpack_sharing_enabled":true,"_links":{"self":[{"href":"https:\/\/unefortalezaydesarrollo.com\/certificacion\/wp-json\/wp\/v2\/product\/3714","targetHints":{"allow":["GET"]}}],"collection":[{"href":"https:\/\/unefortalezaydesarrollo.com\/certificacion\/wp-json\/wp\/v2\/product"}],"about":[{"href":"https:\/\/unefortalezaydesarrollo.com\/certificacion\/wp-json\/wp\/v2\/types\/product"}],"replies":[{"embeddable":true,"href":"https:\/\/unefortalezaydesarrollo.com\/certificacion\/wp-json\/wp\/v2\/comments?post=3714"}],"wp:featuredmedia":[{"embeddable":true,"href":"https:\/\/unefortalezaydesarrollo.com\/certificacion\/wp-json\/wp\/v2\/media\/3715"}],"wp:attachment":[{"href":"https:\/\/unefortalezaydesarrollo.com\/certificacion\/wp-json\/wp\/v2\/media?parent=3714"}],"wp:term":[{"taxonomy":"product_brand","embeddable":true,"href":"https:\/\/unefortalezaydesarrollo.com\/certificacion\/wp-json\/wp\/v2\/product_brand?post=3714"},{"taxonomy":"product_cat","embeddable":true,"href":"https:\/\/unefortalezaydesarrollo.com\/certificacion\/wp-json\/wp\/v2\/product_cat?post=3714"},{"taxonomy":"product_tag","embeddable":true,"href":"https:\/\/unefortalezaydesarrollo.com\/certificacion\/wp-json\/wp\/v2\/product_tag?post=3714"}],"curies":[{"name":"wp","href":"https:\/\/api.w.org\/{rel}","templated":true}]}}