{"id":3713,"date":"2023-07-03T05:00:39","date_gmt":"2023-07-03T10:00:39","guid":{"rendered":"https:\/\/unefortalezaydesarrollo.com\/certificacion\/?post_type=product&#038;p=3713"},"modified":"2023-08-10T15:17:00","modified_gmt":"2023-08-10T20:17:00","slug":"coaching-etico","status":"publish","type":"product","link":"https:\/\/unefortalezaydesarrollo.com\/certificacion\/product\/coaching-etico\/","title":{"rendered":"Coaching \u00e9tico"},"content":{"rendered":"<p>Aprende los fundamentos del coaching \u00e9tico en este curso intensivo<\/p>\n<p><strong>Duraci\u00f3n:<\/strong>\u00a08 horas<br \/>\n<strong>Instructor:\u00a0<\/strong>Ra\u00fal Ernesto G\u00edo, Coach<br \/>\n<strong>Modalidad:<\/strong>\u00a0Digital as\u00edncrona + s\u00edncrona\u00a0<em>(asesor\u00edas quincenales)<\/em><br \/>\n<strong>Costo individual:<\/strong>\u00a0$2,500 pesos mxn<br \/>\n<strong>Precio en Plan (PCCT): <\/strong>$2,000 pesos mxn<strong><br \/>\nRequisitos previos:<\/strong>\u00a0Ninguno<\/p>\n<p><strong>Descripci\u00f3n:<\/strong><br \/>\nEl Curso de coaching \u00e9tico proporciona una introducci\u00f3n completa a los principios y pr\u00e1cticas clave del coaching \u00e9tico. Este curso te ayudar\u00e1 a desarrollar las habilidades necesarias para convertirte en un coach \u00e9tico efectivo y respetuoso. A trav\u00e9s de una combinaci\u00f3n de teor\u00eda y ejercicios pr\u00e1cticos, aprender\u00e1s c\u00f3mo establecer una relaci\u00f3n de confianza con tus clientes, mantener la confidencialidad y aplicar principios \u00e9ticos en todas tus interacciones como coach.<\/p>\n<p><strong>Contenido:<\/strong><\/p>\n<ol>\n<li>Fundamentos del coaching \u00e9tico<\/li>\n<li>Relaci\u00f3n de confianza y confidencialidad<\/li>\n<li>Principios \u00e9ticos en el coaching<\/li>\n<\/ol>\n<p>Los cursos del\u00a0<strong>Plan de Carrera<\/strong>\u00a0son independientes y pueden ser cursados en cualquier orden y tiempo. Para obtener una certificaci\u00f3n oficial (SEP) CONOCER, debes presentar los certificados de los cursos como\u00a0<strong>evidencia<\/strong>\u00a0de los conocimientos adquiridos. As\u00ed podr\u00e1s iniciar con tu\u00a0<strong>Alineaci\u00f3n y Asesor\u00eda<\/strong>\u00a0personalizada para presentar el examen de\u00a0<strong>Evaluaci\u00f3n con fines de Certificaci\u00f3n<\/strong>\u00a0y demostrar de manera s\u00f3lida y verificable tus desempe\u00f1os, productos, actitudes, h\u00e1bitos y valores en esta \u00e1rea espec\u00edfica. Con base en esta documentaci\u00f3n, el\u00a0<strong>CONOCER<\/strong>\u00a0otorgar\u00e1 la\u00a0<strong>certificaci\u00f3n EC0234<\/strong>.<\/p>\n","protected":false},"excerpt":{"rendered":"<p>El Curso de coaching \u00e9tico proporciona una introducci\u00f3n completa a los principios y pr\u00e1cticas clave del coaching \u00e9tico. Este curso te ayudar\u00e1 a desarrollar las habilidades necesarias para convertirte en un coach \u00e9tico efectivo y respetuoso. A trav\u00e9s de una combinaci\u00f3n de teor\u00eda y ejercicios pr\u00e1cticos, aprender\u00e1s c\u00f3mo establecer una relaci\u00f3n de confianza con tus clientes, mantener la confidencialidad y aplicar principios \u00e9ticos en todas tus interacciones como coach.<\/p>\n","protected":false},"featured_media":3712,"comment_status":"open","ping_status":"closed","template":"","meta":{"_coblocks_attr":"","_coblocks_dimensions":"","_coblocks_responsive_height":"","_coblocks_accordion_ie_support":""},"product_brand":[],"product_cat":[67],"product_tag":[68],"class_list":{"0":"post-3713","1":"product","2":"type-product","3":"status-publish","4":"has-post-thumbnail","6":"product_cat-coaching","7":"product_tag-coaching","9":"first","10":"instock","11":"virtual","12":"sold-individually","13":"taxable","14":"purchasable","15":"product-type-simple"},"jetpack_sharing_enabled":true,"_links":{"self":[{"href":"https:\/\/unefortalezaydesarrollo.com\/certificacion\/wp-json\/wp\/v2\/product\/3713","targetHints":{"allow":["GET"]}}],"collection":[{"href":"https:\/\/unefortalezaydesarrollo.com\/certificacion\/wp-json\/wp\/v2\/product"}],"about":[{"href":"https:\/\/unefortalezaydesarrollo.com\/certificacion\/wp-json\/wp\/v2\/types\/product"}],"replies":[{"embeddable":true,"href":"https:\/\/unefortalezaydesarrollo.com\/certificacion\/wp-json\/wp\/v2\/comments?post=3713"}],"wp:featuredmedia":[{"embeddable":true,"href":"https:\/\/unefortalezaydesarrollo.com\/certificacion\/wp-json\/wp\/v2\/media\/3712"}],"wp:attachment":[{"href":"https:\/\/unefortalezaydesarrollo.com\/certificacion\/wp-json\/wp\/v2\/media?parent=3713"}],"wp:term":[{"taxonomy":"product_brand","embeddable":true,"href":"https:\/\/unefortalezaydesarrollo.com\/certificacion\/wp-json\/wp\/v2\/product_brand?post=3713"},{"taxonomy":"product_cat","embeddable":true,"href":"https:\/\/unefortalezaydesarrollo.com\/certificacion\/wp-json\/wp\/v2\/product_cat?post=3713"},{"taxonomy":"product_tag","embeddable":true,"href":"https:\/\/unefortalezaydesarrollo.com\/certificacion\/wp-json\/wp\/v2\/product_tag?post=3713"}],"curies":[{"name":"wp","href":"https:\/\/api.w.org\/{rel}","templated":true}]}}