{"id":2968,"date":"2023-05-04T15:18:00","date_gmt":"2023-05-04T20:18:00","guid":{"rendered":"https:\/\/unefortalezaydesarrollo.com\/certificacion\/?post_type=product&#038;p=2968"},"modified":"2023-10-26T13:13:54","modified_gmt":"2023-10-26T18:13:54","slug":"2-curso-coaching-de-vida-2023","status":"publish","type":"product","link":"https:\/\/unefortalezaydesarrollo.com\/certificacion\/product\/2-curso-coaching-de-vida-2023\/","title":{"rendered":"2. Coaching de Vida 2023"},"content":{"rendered":"<div class=\"page_title_area\">\n<h4>\u00bfQu\u00e9 es coaching de vida?<\/h4>\n<p>Es el <strong>proceso de acompa\u00f1amiento<\/strong> mediante conversaciones con el consultante (tambi\u00e9n llamado \u00abcoachee\u00bb) donde se incrementa <strong>la conciencia y la habilidad para actuar<\/strong>, aprovechando los talentos propios, y utilizando herramientas de autoconocimiento.<\/p>\n<\/div>\n<div style=\"text-align: left;\" align=\"center\">\n<h4 style=\"text-align: left;\">\u00bfQu\u00e9 es un <strong>coach<\/strong>\u00a0de vida?<\/h4>\n<p style=\"text-align: left;\">Un coach es un \u00abentrenador\u00bb que acompa\u00f1a, gu\u00eda, escucha y utiliza sus habilidades y metodolog\u00eda para <strong>generar confianza en ti mismo y motivar a la acci\u00f3n<\/strong>. En otras palabras es un estratega que ayuda al coachee a alcanzar sus metas, acompa\u00f1\u00e1ndole en el cambio de h\u00e1bitos y provocando la reflexi\u00f3n mediante una metodolog\u00eda <em>(en nuestro caso la Metolog\u00eda GPEq a trav\u00e9s de la Terapia Integral Ecl\u00e9ctica con Numerolog\u00eda)<\/em>.<\/p>\n<p><em>Lo que un coach deportivo hace por tu cuerpo, es el equivalente a lo que el coach de vida hace por tu mente, tus emociones y tu esp\u00edritu.<\/em><\/p>\n<\/div>\n","protected":false},"excerpt":{"rendered":"<p>\u00bfQu\u00e9 es coaching de vida? Es el proceso de acompa\u00f1amiento mediante conversaciones con el consultante (tambi\u00e9n llamado \u00abcoachee\u00bb) donde se incrementa la conciencia y la habilidad para actuar, aprovechando los talentos propios, y utilizando herramientas de autoconocimiento. \u00bfQu\u00e9 es un coach\u00a0de vida? Un coach es un \u00abentrenador\u00bb que acompa\u00f1a, gu\u00eda,<\/p>\n","protected":false},"featured_media":16,"comment_status":"open","ping_status":"closed","template":"","meta":{"_coblocks_attr":"","_coblocks_dimensions":"","_coblocks_responsive_height":"","_coblocks_accordion_ie_support":""},"product_brand":[],"product_cat":[36,57],"product_tag":[],"class_list":{"0":"post-2968","1":"product","2":"type-product","3":"status-publish","4":"has-post-thumbnail","6":"product_cat-segundo-semestre","7":"product_cat-diplomado-cnt","9":"first","10":"instock","11":"virtual","12":"sold-individually","13":"taxable","14":"purchasable","15":"product-type-simple"},"jetpack_sharing_enabled":true,"_links":{"self":[{"href":"https:\/\/unefortalezaydesarrollo.com\/certificacion\/wp-json\/wp\/v2\/product\/2968","targetHints":{"allow":["GET"]}}],"collection":[{"href":"https:\/\/unefortalezaydesarrollo.com\/certificacion\/wp-json\/wp\/v2\/product"}],"about":[{"href":"https:\/\/unefortalezaydesarrollo.com\/certificacion\/wp-json\/wp\/v2\/types\/product"}],"replies":[{"embeddable":true,"href":"https:\/\/unefortalezaydesarrollo.com\/certificacion\/wp-json\/wp\/v2\/comments?post=2968"}],"wp:featuredmedia":[{"embeddable":true,"href":"https:\/\/unefortalezaydesarrollo.com\/certificacion\/wp-json\/wp\/v2\/media\/16"}],"wp:attachment":[{"href":"https:\/\/unefortalezaydesarrollo.com\/certificacion\/wp-json\/wp\/v2\/media?parent=2968"}],"wp:term":[{"taxonomy":"product_brand","embeddable":true,"href":"https:\/\/unefortalezaydesarrollo.com\/certificacion\/wp-json\/wp\/v2\/product_brand?post=2968"},{"taxonomy":"product_cat","embeddable":true,"href":"https:\/\/unefortalezaydesarrollo.com\/certificacion\/wp-json\/wp\/v2\/product_cat?post=2968"},{"taxonomy":"product_tag","embeddable":true,"href":"https:\/\/unefortalezaydesarrollo.com\/certificacion\/wp-json\/wp\/v2\/product_tag?post=2968"}],"curies":[{"name":"wp","href":"https:\/\/api.w.org\/{rel}","templated":true}]}}