{"id":2967,"date":"2023-05-05T15:12:51","date_gmt":"2023-05-05T20:12:51","guid":{"rendered":"https:\/\/unefortalezaydesarrollo.com\/certificacion\/?post_type=product&#038;p=2967"},"modified":"2023-10-26T13:12:37","modified_gmt":"2023-10-26T18:12:37","slug":"1-curso-bioalineacion-emocional-2023","status":"publish","type":"product","link":"https:\/\/unefortalezaydesarrollo.com\/certificacion\/product\/1-curso-bioalineacion-emocional-2023\/","title":{"rendered":"1. Bioalineaci\u00f3n emocional 2023"},"content":{"rendered":"<h4>\u00bfQu\u00e9 es la bioalineaci\u00f3n emocional?<\/h4>\n<p>La <strong>Biolog\u00eda de la Transformaci\u00f3n<\/strong> o <strong>Biolog\u00eda de las Creencias<\/strong>. <em>\u00abEl mayor obst\u00e1culo para conseguir el \u00e9xito en aquello que so\u00f1amos, son las limitaciones [codificaciones] programadas en el subconsciente. No vemos el mundo como es, vemos el mundo como somos [como nos programaron para verlo]. Somos &#8216;v\u00edctimas&#8217; de nuestras creencias, pero podemos cambiarlas.\u00bb Dr. Bruce Lipton<\/em>.<\/p>\n<p>Para poder acceder a una nueva biolog\u00eda y a una nueva forma de expresar una verdadera congruencia entre lo que se dice, se hace y se piensa; hay que tomar distancia, poder ver las situaciones desde un nuevo \u00e1ngulo, donde tomamos nuestra parte de responsabilidad en el proceso creativo de la realidad y dejar ir tanto a personas como a situaciones que nos enferman.<\/p>\n<p>Tomar distancia tanto f\u00edsica como emocionalmente nos permitir\u00e1 desintoxicar nuestro sistema de creencias, percibir nuevas alternativas de soluci\u00f3n y enfrentar la vida con nuevos paradigmas.<\/p>\n","protected":false},"excerpt":{"rendered":"<p>\u00bfQu\u00e9 es la bioalineaci\u00f3n emocional? La Biolog\u00eda de la Transformaci\u00f3n o Biolog\u00eda de las Creencias. \u00abEl mayor obst\u00e1culo para conseguir el \u00e9xito en aquello que so\u00f1amos, son las limitaciones [codificaciones] programadas en el subconsciente. No vemos el mundo como es, vemos el mundo como somos [como nos programaron para verlo].<\/p>\n","protected":false},"featured_media":10,"comment_status":"open","ping_status":"closed","template":"","meta":{"_coblocks_attr":"","_coblocks_dimensions":"","_coblocks_responsive_height":"","_coblocks_accordion_ie_support":""},"product_brand":[],"product_cat":[36,57],"product_tag":[],"class_list":{"0":"post-2967","1":"product","2":"type-product","3":"status-publish","4":"has-post-thumbnail","6":"product_cat-segundo-semestre","7":"product_cat-diplomado-cnt","9":"first","10":"instock","11":"virtual","12":"sold-individually","13":"taxable","14":"purchasable","15":"product-type-simple"},"jetpack_sharing_enabled":true,"_links":{"self":[{"href":"https:\/\/unefortalezaydesarrollo.com\/certificacion\/wp-json\/wp\/v2\/product\/2967","targetHints":{"allow":["GET"]}}],"collection":[{"href":"https:\/\/unefortalezaydesarrollo.com\/certificacion\/wp-json\/wp\/v2\/product"}],"about":[{"href":"https:\/\/unefortalezaydesarrollo.com\/certificacion\/wp-json\/wp\/v2\/types\/product"}],"replies":[{"embeddable":true,"href":"https:\/\/unefortalezaydesarrollo.com\/certificacion\/wp-json\/wp\/v2\/comments?post=2967"}],"wp:featuredmedia":[{"embeddable":true,"href":"https:\/\/unefortalezaydesarrollo.com\/certificacion\/wp-json\/wp\/v2\/media\/10"}],"wp:attachment":[{"href":"https:\/\/unefortalezaydesarrollo.com\/certificacion\/wp-json\/wp\/v2\/media?parent=2967"}],"wp:term":[{"taxonomy":"product_brand","embeddable":true,"href":"https:\/\/unefortalezaydesarrollo.com\/certificacion\/wp-json\/wp\/v2\/product_brand?post=2967"},{"taxonomy":"product_cat","embeddable":true,"href":"https:\/\/unefortalezaydesarrollo.com\/certificacion\/wp-json\/wp\/v2\/product_cat?post=2967"},{"taxonomy":"product_tag","embeddable":true,"href":"https:\/\/unefortalezaydesarrollo.com\/certificacion\/wp-json\/wp\/v2\/product_tag?post=2967"}],"curies":[{"name":"wp","href":"https:\/\/api.w.org\/{rel}","templated":true}]}}