{"id":2951,"date":"2023-01-02T13:09:43","date_gmt":"2023-01-02T19:09:43","guid":{"rendered":"https:\/\/unefortalezaydesarrollo.com\/certificacion\/?post_type=product&#038;p=2951"},"modified":"2023-01-21T08:46:26","modified_gmt":"2023-01-21T14:46:26","slug":"inscripcion-al-diplomado-g3-2023","status":"publish","type":"product","link":"https:\/\/unefortalezaydesarrollo.com\/certificacion\/product\/inscripcion-al-diplomado-g3-2023\/","title":{"rendered":"Inscripci\u00f3n al Diplomado G3-2023"},"content":{"rendered":"<h3>Inscripci\u00f3n al Diplomado<\/h3>\n<p>Si t\u00fa est\u00e1s interesado en participar en el <strong><em>Diplomado en Coaching Numerol\u00f3gico Transformacional<\/em>, primero deber\u00e1s realizar la entrevista con alguno de los miembros del equipo<\/strong> para definir si esto es para ti, y si podr\u00e1s participar en la misma.<\/p>\n<p><strong>Te pedimos que antes de pagar, solicites una entrevista haciendo <a href=\"\/certificacion\/contacto\/\">clic aqu\u00ed<\/a>.<\/strong><\/p>\n<p>Si ya recibiste el correo confirmando tu aceptaci\u00f3n, este es el \u00fanico pago que deber\u00e1s realizar para garantizar tu lugar.<\/p>\n","protected":false},"excerpt":{"rendered":"<p>Pago \u00fanico para la inscripci\u00f3n al Diplomado (4 m\u00f3dulos, 4 materias por semestre, 2 semestres)<\/p>\n","protected":false},"featured_media":167,"comment_status":"open","ping_status":"closed","template":"","meta":{"_coblocks_attr":"","_coblocks_dimensions":"","_coblocks_responsive_height":"","_coblocks_accordion_ie_support":""},"product_brand":[],"product_cat":[38,57],"product_tag":[39],"class_list":{"0":"post-2951","1":"product","2":"type-product","3":"status-publish","4":"has-post-thumbnail","6":"product_cat-inscripcion","7":"product_cat-diplomado-cnt","8":"product_tag-proceso-administrativo","10":"first","11":"instock","12":"featured","13":"virtual","14":"sold-individually","15":"taxable","16":"purchasable","17":"product-type-simple"},"jetpack_sharing_enabled":true,"_links":{"self":[{"href":"https:\/\/unefortalezaydesarrollo.com\/certificacion\/wp-json\/wp\/v2\/product\/2951","targetHints":{"allow":["GET"]}}],"collection":[{"href":"https:\/\/unefortalezaydesarrollo.com\/certificacion\/wp-json\/wp\/v2\/product"}],"about":[{"href":"https:\/\/unefortalezaydesarrollo.com\/certificacion\/wp-json\/wp\/v2\/types\/product"}],"replies":[{"embeddable":true,"href":"https:\/\/unefortalezaydesarrollo.com\/certificacion\/wp-json\/wp\/v2\/comments?post=2951"}],"wp:featuredmedia":[{"embeddable":true,"href":"https:\/\/unefortalezaydesarrollo.com\/certificacion\/wp-json\/wp\/v2\/media\/167"}],"wp:attachment":[{"href":"https:\/\/unefortalezaydesarrollo.com\/certificacion\/wp-json\/wp\/v2\/media?parent=2951"}],"wp:term":[{"taxonomy":"product_brand","embeddable":true,"href":"https:\/\/unefortalezaydesarrollo.com\/certificacion\/wp-json\/wp\/v2\/product_brand?post=2951"},{"taxonomy":"product_cat","embeddable":true,"href":"https:\/\/unefortalezaydesarrollo.com\/certificacion\/wp-json\/wp\/v2\/product_cat?post=2951"},{"taxonomy":"product_tag","embeddable":true,"href":"https:\/\/unefortalezaydesarrollo.com\/certificacion\/wp-json\/wp\/v2\/product_tag?post=2951"}],"curies":[{"name":"wp","href":"https:\/\/api.w.org\/{rel}","templated":true}]}}