{"id":1432,"date":"2023-05-01T16:56:58","date_gmt":"2023-05-01T21:56:58","guid":{"rendered":"https:\/\/unefortalezaydesarrollo.com\/certificacion\/?post_type=product&#038;p=1432"},"modified":"2023-08-13T14:34:57","modified_gmt":"2023-08-13T19:34:57","slug":"software-conoce-tu-numerologia","status":"publish","type":"product","link":"https:\/\/unefortalezaydesarrollo.com\/certificacion\/product\/software-conoce-tu-numerologia\/","title":{"rendered":"Software Conoce tu Numerolog\u00eda 7.0"},"content":{"rendered":"<p>? Software Conoce tu Numerolog\u00eda ?<br \/>\nC\u00e1lculos con Numerolog\u00eda Pitag\u00f3rica (base 9); Calcula con las metodolog\u00edas de Numerolog\u00eda Cotidiana | Numerolog\u00eda Evolutiva del Ser | Alma Numerante | C\u00edrculo Herm\u00e9tico.<br \/>\nDise\u00f1ado por Coach Ra\u00fal Ernesto G\u00edo.<\/p>\n<p>\u23f3Ahorra tiempo en los c\u00e1lculos numerol\u00f3gicos de fecha de nacimiento y nombres:<br \/>\n\u2611 Pin\u00e1culo<br \/>\n\u2611 Tabla de inclusi\u00f3n<br \/>\n\u2611 Ciclo de vida del nombre<br \/>\n\u2611 Tabla del destino<br \/>\nY m\u00e1s&#8230;<\/p>\n<p>? Analiza sinastr\u00edas interpersonales de pareja y\/o hasta de 10 personas, revisa:<br \/>\n\u2714 Desaf\u00edos<br \/>\n\u2714 Compatibilidades<br \/>\n\u2714 Lealtades<br \/>\n\u2714 Aprendizajes, etc.<\/p>\n<p>? Analiza nombres de empresas o proyectos, as\u00ed como de sus socios.<\/p>\n<p>? Analiza per\u00edodos de tiempo personales (planeaci\u00f3n semanal, mensual, trimestral y anual).<\/p>\n<p>? Almacena los datos de m\u00faltiples consultantes, parientes, parejas, etc., para acceder nuevamente a su informaci\u00f3n cuando lo requieras.<\/p>\n<p>? Compatible con Microsoft Excel 365 para Windows, Mac, Android o iOS.<\/p>\n<p>? Una sencilla interfaz, super f\u00e1cil de manejar.<\/p>\n<p>? El costo del software es de $3,500 pesos mexicanos (aprox. US$200 d\u00f3lares), la forma de pago es por dep\u00f3sito (transferencia), OpenPay, Mercado Pago o PayPal.<\/p>\n<p>??\u200d? El programa se env\u00eda por medio de una liga personal a tu correo electr\u00f3nico, para descargar de Internet, al recibir copia (o foto) del comprobante de pago.<\/p>\n<p><strong>Nota importante:<\/strong> <em>La plataforma es abierta, para que puedas utilizarla en todos tus dispositivos sin restricci\u00f3n, por lo que te pedimos no compartir este programa con otras personas. Es estrictamente de\u00a0uso\u00a0personal.<\/em><\/p>\n","protected":false},"excerpt":{"rendered":"<p>Software Conoce tu Numerolog\u00eda (versi\u00f3n 7.0) es compatible \u00fanicamente con Microsoft Excel (para Windows, Mac y dispositivos m\u00f3viles -iOS, Android-)<\/p>\n","protected":false},"featured_media":3900,"comment_status":"open","ping_status":"closed","template":"","meta":{"_coblocks_attr":"","_coblocks_dimensions":"","_coblocks_responsive_height":"","_coblocks_accordion_ie_support":""},"product_brand":[],"product_cat":[36,57],"product_tag":[43],"class_list":{"0":"post-1432","1":"product","2":"type-product","3":"status-publish","4":"has-post-thumbnail","6":"product_cat-segundo-semestre","7":"product_cat-diplomado-cnt","8":"product_tag-paquete","10":"first","11":"instock","12":"featured","13":"downloadable","14":"virtual","15":"sold-individually","16":"purchasable","17":"product-type-simple"},"jetpack_sharing_enabled":true,"_links":{"self":[{"href":"https:\/\/unefortalezaydesarrollo.com\/certificacion\/wp-json\/wp\/v2\/product\/1432","targetHints":{"allow":["GET"]}}],"collection":[{"href":"https:\/\/unefortalezaydesarrollo.com\/certificacion\/wp-json\/wp\/v2\/product"}],"about":[{"href":"https:\/\/unefortalezaydesarrollo.com\/certificacion\/wp-json\/wp\/v2\/types\/product"}],"replies":[{"embeddable":true,"href":"https:\/\/unefortalezaydesarrollo.com\/certificacion\/wp-json\/wp\/v2\/comments?post=1432"}],"wp:featuredmedia":[{"embeddable":true,"href":"https:\/\/unefortalezaydesarrollo.com\/certificacion\/wp-json\/wp\/v2\/media\/3900"}],"wp:attachment":[{"href":"https:\/\/unefortalezaydesarrollo.com\/certificacion\/wp-json\/wp\/v2\/media?parent=1432"}],"wp:term":[{"taxonomy":"product_brand","embeddable":true,"href":"https:\/\/unefortalezaydesarrollo.com\/certificacion\/wp-json\/wp\/v2\/product_brand?post=1432"},{"taxonomy":"product_cat","embeddable":true,"href":"https:\/\/unefortalezaydesarrollo.com\/certificacion\/wp-json\/wp\/v2\/product_cat?post=1432"},{"taxonomy":"product_tag","embeddable":true,"href":"https:\/\/unefortalezaydesarrollo.com\/certificacion\/wp-json\/wp\/v2\/product_tag?post=1432"}],"curies":[{"name":"wp","href":"https:\/\/api.w.org\/{rel}","templated":true}]}}