{"id":525,"date":"2020-07-09T10:24:02","date_gmt":"2020-07-09T15:24:02","guid":{"rendered":"https:\/\/unefortalezaydesarrollo.com\/certificacion\/?page_id=525"},"modified":"2021-06-24T13:08:01","modified_gmt":"2021-06-24T18:08:01","slug":"pagos","status":"publish","type":"page","link":"https:\/\/unefortalezaydesarrollo.com\/certificacion\/pagos\/","title":{"rendered":"Pagos"},"content":{"rendered":"\n<h2 class=\"has-text-align-center wp-block-heading\">Pagos<\/h2>\n\n\n\n<h4 class=\"wp-block-heading\">Esquema de pagos<\/h4>\n\n\n\n<p>Los pagos pueden realizarse por transferencia interbancaria (recomendado), dep\u00f3sito a cuenta o cargo domiciliado con tarjeta a trav\u00e9s de PayPal.<\/p>\n\n\n\n<ul class=\"wp-block-list\" style=\"font-size:12px\"><li>Todos los precios est\u00e1n expresados en pesos mexicanos, y no incluyen impuestos (en caso de requerir factura).<\/li><\/ul>\n\n\n\n<div class=\"wp-block-coblocks-food-and-drinks has-columns has-responsive-columns has-2-columns has-medium-gutter\" data-columns=\"2\" itemscope itemtype=\"http:\/\/schema.org\/Menu\">\n<h3 class=\"has-text-align-center wp-block-heading\">Inscripciones<\/h3>\n\n\n\n<div class=\"wp-block-coblocks-food-item\" itemscope itemtype=\"http:\/\/schema.org\/MenuItem\"><div class=\"wp-block-coblocks-food-item__content\"><div class=\"wp-block-coblocks-food-item__heading-wrapper\"><h4 class=\"wp-block-coblocks-food-item__heading\" itemprop=\"name\">Certificaci\u00f3n<\/h4><div class=\"wp-block-coblocks-food-item__attributes\"><span class=\"wp-block-coblocks-food-item__attribute wp-block-coblocks-food-item__attribute--popular hint--top\" aria-label=\"Popular\"><span class=\"wp-block-coblocks-food-item__icon\"><\/span><\/span><\/div><\/div><p class=\"wp-block-coblocks-food-item__description\" itemprop=\"description\">\u00danico pago al iniciar<br>(136 horas)<\/p><p class=\"wp-block-coblocks-food-item__price\" itemprop=\"offers\" itemscope itemtype=\"http:\/\/schema.org\/Offer\"><span itemprop=\"price\">$1,700<\/span><\/p><\/div><\/div>\n\n\n<\/div>\n\n\n\n<div class=\"wp-block-coblocks-food-and-drinks has-columns has-responsive-columns has-2-columns has-medium-gutter\" data-columns=\"2\" itemscope itemtype=\"http:\/\/schema.org\/Menu\">\n<h3 class=\"has-text-align-center wp-block-heading\">Pagos mensuales<\/h3>\n\n\n\n<div class=\"wp-block-coblocks-food-item\" itemscope itemtype=\"http:\/\/schema.org\/MenuItem\"><div class=\"wp-block-coblocks-food-item__content\"><div class=\"wp-block-coblocks-food-item__heading-wrapper\"><h4 class=\"wp-block-coblocks-food-item__heading\" itemprop=\"name\">Certificaci\u00f3n<\/h4><div class=\"wp-block-coblocks-food-item__attributes\"><span class=\"wp-block-coblocks-food-item__attribute wp-block-coblocks-food-item__attribute--popular hint--top\" aria-label=\"Popular\"><span class=\"wp-block-coblocks-food-item__icon\"><\/span><\/span><\/div><\/div><p class=\"wp-block-coblocks-food-item__description\" itemprop=\"description\">5 pagos por semestre<br>(seg\u00fan calendario)<\/p><p class=\"wp-block-coblocks-food-item__price\" itemprop=\"offers\" itemscope itemtype=\"http:\/\/schema.org\/Offer\"><span itemprop=\"price\">$1,700<\/span><\/p><\/div><\/div>\n\n\n<\/div>\n\n\n\n<div class=\"wp-block-coblocks-food-and-drinks has-columns has-responsive-columns has-2-columns has-medium-gutter\" data-columns=\"2\" itemscope itemtype=\"http:\/\/schema.org\/Menu\">\n<h3 class=\"has-text-align-center wp-block-heading\">Pagos Extras en la Certificaci\u00f3n<\/h3>\n\n\n\n<div class=\"wp-block-coblocks-food-item\" itemscope itemtype=\"http:\/\/schema.org\/MenuItem\"><div class=\"wp-block-coblocks-food-item__content\"><div class=\"wp-block-coblocks-food-item__heading-wrapper\"><h4 class=\"wp-block-coblocks-food-item__heading\" itemprop=\"name\">Materia optativa<br>(segundo semestre)<\/h4><\/div><p class=\"wp-block-coblocks-food-item__description\" itemprop=\"description\">Pago mensual<\/p><p class=\"wp-block-coblocks-food-item__price\" itemprop=\"offers\" itemscope itemtype=\"http:\/\/schema.org\/Offer\"><span itemprop=\"price\">$530<\/span><\/p><\/div><\/div>\n\n\n\n<div class=\"wp-block-coblocks-food-item\" itemscope itemtype=\"http:\/\/schema.org\/MenuItem\"><div class=\"wp-block-coblocks-food-item__content\"><div class=\"wp-block-coblocks-food-item__heading-wrapper\"><h4 class=\"wp-block-coblocks-food-item__heading\" itemprop=\"name\">Programa de<br>Numerolog\u00eda<\/h4><div class=\"wp-block-coblocks-food-item__attributes\"><span class=\"wp-block-coblocks-food-item__attribute wp-block-coblocks-food-item__attribute--popular hint--top\" aria-label=\"Popular\"><span class=\"wp-block-coblocks-food-item__icon\"><\/span><\/span><\/div><\/div><p class=\"wp-block-coblocks-food-item__description\" itemprop=\"description\">Archivo de Excel 365<\/p><p class=\"wp-block-coblocks-food-item__price\" itemprop=\"offers\" itemscope itemtype=\"http:\/\/schema.org\/Offer\"><span itemprop=\"price\">$2,600<\/span><\/p><\/div><\/div>\n\n\n<\/div>\n\n\n\n<div class=\"wp-block-coblocks-food-and-drinks has-columns has-responsive-columns has-2-columns has-medium-gutter\" data-columns=\"2\" itemscope itemtype=\"http:\/\/schema.org\/Menu\">\n<h3 class=\"has-text-align-center wp-block-heading\">Titulaci\u00f3n (certificaci\u00f3n)<\/h3>\n\n\n\n<div class=\"wp-block-coblocks-food-item\" itemscope itemtype=\"http:\/\/schema.org\/MenuItem\"><div class=\"wp-block-coblocks-food-item__content\"><div class=\"wp-block-coblocks-food-item__heading-wrapper\"><h4 class=\"wp-block-coblocks-food-item__heading\" itemprop=\"name\">Alineaci\u00f3n y Asesor\u00eda en proyecto integrador (Tesina)<\/h4><div class=\"wp-block-coblocks-food-item__attributes\"><span class=\"wp-block-coblocks-food-item__attribute wp-block-coblocks-food-item__attribute--popular hint--top\" aria-label=\"Popular\"><span class=\"wp-block-coblocks-food-item__icon\"><\/span><\/span><\/div><\/div><p class=\"wp-block-coblocks-food-item__description\" itemprop=\"description\">4 Revisiones<br>(s\u00f3lo para quienes hayan acreditado los ocho m\u00f3dulos y deseen certificarse)<\/p><p class=\"wp-block-coblocks-food-item__price\" itemprop=\"offers\" itemscope itemtype=\"http:\/\/schema.org\/Offer\"><span itemprop=\"price\">$1,700<\/span><\/p><\/div><\/div>\n\n\n\n<div class=\"wp-block-coblocks-food-item\" itemscope itemtype=\"http:\/\/schema.org\/MenuItem\"><div class=\"wp-block-coblocks-food-item__content\"><div class=\"wp-block-coblocks-food-item__heading-wrapper\"><h4 class=\"wp-block-coblocks-food-item__heading\" itemprop=\"name\">Examen, T\u00edtulo, tr\u00e1mites Renap, c\u00e9dula Red Conocer (gob.mx)<\/h4><div class=\"wp-block-coblocks-food-item__attributes\"><span class=\"wp-block-coblocks-food-item__attribute wp-block-coblocks-food-item__attribute--popular hint--top\" aria-label=\"Popular\"><span class=\"wp-block-coblocks-food-item__icon\"><\/span><\/span><\/div><\/div><p class=\"wp-block-coblocks-food-item__description\" itemprop=\"description\">EC 0204 y\/o EC 0234<br>(S\u00f3lo recibir\u00e1n c\u00e9dula y registro RENAP quienes aprueben el examen de evaluaci\u00f3n)<\/p><p class=\"wp-block-coblocks-food-item__price\" itemprop=\"offers\" itemscope itemtype=\"http:\/\/schema.org\/Offer\"><span itemprop=\"price\">$5,300<\/span><\/p><\/div><\/div>\n\n\n<\/div>\n\n\n\n<hr class=\"wp-block-coblocks-dynamic-separator is-style-line\" style=\"height:50px\"\/>\n\n\n\n<ul class=\"is-style-default wp-block-list\" style=\"font-size:12px\"><li>Precios expresados en pesos mexicanos.<\/li><li>Lee aqu\u00ed nuestros <a href=\"https:\/\/unefortalezaydesarrollo.com\/certificacion\/terminos-y-condiciones\/\">T\u00e9rminos y condiciones<\/a>, y nuestra <a href=\"https:\/\/unefortalezaydesarrollo.com\/certificacion\/politica-privacidad\/\">Pol\u00edtica de privacidad<\/a>.<\/li><\/ul>\n","protected":false},"excerpt":{"rendered":"<p>Pagos Esquema de pagos Los pagos pueden realizarse por transferencia interbancaria (recomendado), dep\u00f3sito a cuenta o cargo domiciliado con tarjeta a trav\u00e9s de PayPal. Todos los precios est\u00e1n expresados en pesos mexicanos, y no incluyen impuestos (en caso de requerir factura). Precios expresados en pesos mexicanos. Lee aqu\u00ed nuestros T\u00e9rminos<\/p>\n","protected":false},"author":1,"featured_media":911,"parent":0,"menu_order":0,"comment_status":"closed","ping_status":"closed","template":"","meta":{"_coblocks_attr":"","_coblocks_dimensions":"","_coblocks_responsive_height":"","_coblocks_accordion_ie_support":"","_tutorstarter_page_metadata":[],"footnotes":""},"class_list":["post-525","page","type-page","status-publish","has-post-thumbnail","hentry"],"jetpack_sharing_enabled":true,"_links":{"self":[{"href":"https:\/\/unefortalezaydesarrollo.com\/certificacion\/wp-json\/wp\/v2\/pages\/525","targetHints":{"allow":["GET"]}}],"collection":[{"href":"https:\/\/unefortalezaydesarrollo.com\/certificacion\/wp-json\/wp\/v2\/pages"}],"about":[{"href":"https:\/\/unefortalezaydesarrollo.com\/certificacion\/wp-json\/wp\/v2\/types\/page"}],"author":[{"embeddable":true,"href":"https:\/\/unefortalezaydesarrollo.com\/certificacion\/wp-json\/wp\/v2\/users\/1"}],"replies":[{"embeddable":true,"href":"https:\/\/unefortalezaydesarrollo.com\/certificacion\/wp-json\/wp\/v2\/comments?post=525"}],"version-history":[{"count":25,"href":"https:\/\/unefortalezaydesarrollo.com\/certificacion\/wp-json\/wp\/v2\/pages\/525\/revisions"}],"predecessor-version":[{"id":1873,"href":"https:\/\/unefortalezaydesarrollo.com\/certificacion\/wp-json\/wp\/v2\/pages\/525\/revisions\/1873"}],"wp:featuredmedia":[{"embeddable":true,"href":"https:\/\/unefortalezaydesarrollo.com\/certificacion\/wp-json\/wp\/v2\/media\/911"}],"wp:attachment":[{"href":"https:\/\/unefortalezaydesarrollo.com\/certificacion\/wp-json\/wp\/v2\/media?parent=525"}],"curies":[{"name":"wp","href":"https:\/\/api.w.org\/{rel}","templated":true}]}}