{"id":3,"date":"2020-05-29T22:26:12","date_gmt":"2020-05-29T22:26:12","guid":{"rendered":"https:\/\/unefortalezaydesarrollo.com\/certificacion\/?page_id=3"},"modified":"2020-07-25T22:36:49","modified_gmt":"2020-07-26T03:36:49","slug":"politica-privacidad","status":"publish","type":"page","link":"https:\/\/unefortalezaydesarrollo.com\/certificacion\/politica-privacidad\/","title":{"rendered":"Pol\u00edtica de privacidad"},"content":{"rendered":"\n<h2 class=\"has-text-align-center wp-block-heading\">Pol\u00edtica de privacidad<\/h2>\n\n\n\n<h3 class=\"wp-block-heading\">Quienes somos<\/h3>\n\n\n\n<h5 class=\"wp-block-heading\"><strong>UNE &#8211; Fortaleza interior y Desarrollo humano<\/strong>.<\/h5>\n\n\n\n<p><strong>UNE &#8211; Fortaleza interior y Desarrollo humano<\/strong> es un proyecto de <em>Borgio Arquitectos<\/em>, con el apoyo de <em>Crece tu Negocio &#8211; Gesti\u00f3n Empresarial en Equilibrio<\/em>.<\/p>\n\n\n\n<p>Las direcciones de nuestros sitios web son: https:\/\/ unefortalezaydesarrollo.com\/ https:\/\/unefortalezaydesarrollo.com\/certificacion.<\/p>\n\n\n\n<h3 class=\"wp-block-heading\">Qu\u00e9 datos personales recopilamos y por qu\u00e9 los recopilamos<\/h3>\n\n\n\n<h4 class=\"wp-block-heading\">Comentarios<\/h4>\n\n\n\n<p>Cuando los visitantes dejan comentarios en el sitio, recopilamos los datos que se muestran en el formulario de comentarios, y tambi\u00e9n la direcci\u00f3n IP del visitante y la cadena del agente de usuario del navegador para ayudar a la detecci\u00f3n de spam.<\/p>\n\n\n\n<p>Se puede proporcionar una cadena an\u00f3nima creada a partir de su direcci\u00f3n de correo electr\u00f3nico (tambi\u00e9n llamada hash) al servicio Gravatar para ver si la est\u00e1 utilizando. La pol\u00edtica de privacidad del servicio Gravatar est\u00e1 disponible aqu\u00ed: <a href=\"https:\/\/automattic.com\/privacy\/\" target=\"_blank\" rel=\"noreferrer noopener\">https:\/\/automattic.com\/privacy\/<\/a>. Despu\u00e9s de la aprobaci\u00f3n de su comentario, su foto de perfil es visible para el p\u00fablico en el contexto de su comentario.<\/p>\n\n\n\n<h4 class=\"wp-block-heading\">Multimedios<\/h4>\n\n\n\n<p>Si carga im\u00e1genes en el sitio web, debe evitar cargar im\u00e1genes con datos de ubicaci\u00f3n incrustados (GPS EXIF) incluidos. Los visitantes del sitio web pueden descargar y extraer los datos de ubicaci\u00f3n de las im\u00e1genes en el sitio web.<\/p>\n\n\n\n<h4 class=\"wp-block-heading\">Formularios de contacto<\/h4>\n\n\n\n<h5 class=\"wp-block-heading\">Cookies<\/h5>\n\n\n\n<p>Las cookies son peque\u00f1as piezas de informaci\u00f3n que son enviadas por el sitio Web a su navegador, estas se almacenan en el disco duro de su equipo y se utilizan para determinar las preferencias de b\u00fasqueda de los usuarios, cuando se conecta a los servicios de nuestro sitio web, as\u00ed como para rastrear determinados comportamientos o actividades llevadas a cabo por nuestros usuarios dentro de nuestro sitio.<\/p>\n\n\n\n<p>Si deja un comentario en nuestro sitio, puede optar por guardar su nombre, direcci\u00f3n de correo electr\u00f3nico y sitio web en cookies. Estos son para su conveniencia para que no tenga que completar sus datos nuevamente cuando deje otro comentario. Estas cookies durar\u00e1n un a\u00f1o.<\/p>\n\n\n\n<p>Si visita nuestra p\u00e1gina de inicio de sesi\u00f3n, estableceremos una cookie temporal para determinar si su navegador acepta cookies. Esta cookie no contiene datos personales y se descarta cuando cierra su navegador.<\/p>\n\n\n\n<p>Cuando inicie sesi\u00f3n, tambi\u00e9n configuraremos varias cookies para guardar su informaci\u00f3n de inicio de sesi\u00f3n y sus opciones de visualizaci\u00f3n en pantalla. Las cookies de inicio de sesi\u00f3n duran dos d\u00edas y las cookies de opciones de pantalla duran un a\u00f1o. Si selecciona \u00abRecordarme\u00bb, su inicio de sesi\u00f3n persistir\u00e1 durante dos semanas. Si cierra sesi\u00f3n en su cuenta, se eliminar\u00e1n las cookies de inicio de sesi\u00f3n.<\/p>\n\n\n\n<p>Si edita o publica un art\u00edculo, se guardar\u00e1 una cookie adicional en su navegador. Esta cookie no incluye datos personales y simplemente indica el ID de publicaci\u00f3n del art\u00edculo que acaba de editar. Caduca despu\u00e9s de 1 d\u00eda.<\/p>\n\n\n\n<h4 class=\"wp-block-heading\">Contenido incrustado de otros sitios web<\/h4>\n\n\n\n<p>Los art\u00edculos en este sitio pueden incluir contenido incrustado (por ejemplo, videos, im\u00e1genes, art\u00edculos, etc.). El contenido incrustado de otros sitios web se comporta exactamente de la misma manera que si el visitante hubiera visitado el otro sitio web.<\/p>\n\n\n\n<p>Estos sitios web pueden recopilar datos sobre usted, usar cookies, incrustar seguimiento adicional de terceros y monitorear su interacci\u00f3n con ese contenido incrustado, incluido el seguimiento de su interacci\u00f3n con el contenido incrustado si tiene una cuenta y ha iniciado sesi\u00f3n en ese sitio web.<\/p>\n\n\n\n<h3 class=\"wp-block-heading\">Anal\u00edtica<\/h3>\n\n\n\n<h4 class=\"wp-block-heading\">Con qui\u00e9n compartimos sus datos<\/h4>\n\n\n\n<p>Evitamos la divulgaci\u00f3n de informaci\u00f3n acerca del cliente\/usuario, haci\u00e9ndolo \u00fanicamente respecto de aquellos datos que expresamente sean autorizados para ello.<\/p>\n\n\n\n<p>Los datos obtenidos por medio de nuestro sitio web no son compartidos con ninguna empresa de terceros, ni son utilizados para fines de mercadotecnia con otras empresas.<\/p>\n\n\n\n<p>Compartimos la responsabilidad del cuidado de la informaci\u00f3n con nuestros colaboradores, haci\u00e9ndolos copart\u00edcipes de los lineamientos expuestos en este documento de \u201cPol\u00edticas de privacidad\u00bb<\/p>\n\n\n\n<h4 class=\"wp-block-heading\">Cu\u00e1nto tiempo conservamos sus datos<\/h4>\n\n\n\n<p>Si deja un comentario, el comentario y sus metadatos se retienen indefinidamente. Esto es para que podamos reconocer y aprobar cualquier comentario de seguimiento autom\u00e1ticamente en lugar de mantenerlos en una cola de moderaci\u00f3n.<\/p>\n\n\n\n<p>Para los usuarios que se registran en nuestro sitio web (si corresponde), tambi\u00e9n almacenamos la informaci\u00f3n personal que proporcionan en su perfil de usuario. Todos los usuarios pueden ver, editar o eliminar su informaci\u00f3n personal en cualquier momento (excepto que no pueden cambiar su nombre de usuario). Los administradores del sitio web tambi\u00e9n pueden ver y editar esa informaci\u00f3n.<\/p>\n\n\n\n<h4 class=\"wp-block-heading\">Qu\u00e9 derechos tienes sobre tus datos<\/h4>\n\n\n\n<p>Los datos personales proporcionados por el usuario formar\u00e1n parte de un archivo que contendr\u00e1 su perfil. En los casos en que el usuario haya creado una cuenta en alguno de nuestros sitios, el usuario puede modificar su perfil en cualquier momento utilizando su nombre de usuario\/correo electr\u00f3nico y su clave de identificaci\u00f3n personal (contrase\u00f1a) asignados o que \u00e9l mismo eligi\u00f3.<\/p>\n\n\n\n<p>Le aconsejamos que actualice sus datos cada vez que \u00e9stos sufran alguna modificaci\u00f3n, ya que esto permitir\u00e1 brindarle un servicio m\u00e1s personalizado. Si usted participa en el servicio de promociones v\u00eda correo electr\u00f3nico podr\u00e1 en cualquier momento desactivar el servicio.<\/p>\n\n\n\n<p>Si tiene una cuenta en este sitio o ha dejado comentarios, puede solicitar recibir un archivo exportado de los datos personales que tenemos sobre usted, incluidos los datos que nos haya proporcionado. Tambi\u00e9n puede solicitar que borremos cualquier informaci\u00f3n personal que tengamos sobre usted. Esto no incluye ning\u00fan dato que estemos obligados a conservar con fines administrativos, legales o de seguridad.<\/p>\n\n\n\n<h4 class=\"wp-block-heading\">D\u00f3nde enviamos sus datos<\/h4>\n\n\n\n<p>Los comentarios de los visitantes pueden verificarse a trav\u00e9s de un servicio automatizado de detecci\u00f3n de spam.<\/p>\n\n\n\n<h4 class=\"wp-block-heading\">Informaci\u00f3n de contacto<\/h4>\n\n\n\n<p>La informaci\u00f3n suministrada por nuestros usuarios durante su proceso de registro de perfil, inscripci\u00f3n a programas, compra y descargas de archivos, nos permite realizar estudios internos sobre los datos demogr\u00e1ficos, intereses y comportamiento de todos nuestros usuarios, estudios que se compilan y analizan en conjunto.<\/p>\n\n\n\n<p>El objetivo m\u00e1s importante al recabar datos personales es entender al usuario y proporcionarle una experiencia m\u00e1s satisfactoria al visitar nuestro sitio web, y adquirir nuestros productos y\/o servicios, ya que al conocer m\u00e1s a nuestros visitantes podemos proporcionarles productos acordes a sus necesidades, as\u00ed como contenido y publicidad m\u00e1s adecuados.<\/p>\n\n\n\n<p>Al recabar los datos del usuario en l\u00ednea, podemos elaborar estad\u00edsticas internas que nos indiquen cu\u00e1les son los servicios y productos m\u00e1s apreciados por diferentes segmentos de usuarios, de igual manera nos sirve para dar la formalidad debida al proceso transaccional.<\/p>\n\n\n\n<p>En nuestro programa de notificaci\u00f3n de ofertas a trav\u00e9s de correo electr\u00f3nico, solamente nosotros tenemos acceso a la informaci\u00f3n recabada del usuario. Este tipo de publicidad se realiza mediante avisos y mensajes promocionales de correo electr\u00f3nico, los cuales ser\u00e1n enviados de manera individual a cada usuario, pudiendo en cualquier momento modificar esta indicaci\u00f3n. En los correos electr\u00f3nicos enviados, pueden incluirse ocasionalmente ofertas de terceras partes que sean nuestros socios comerciales, y que de acuerdo a su perfil de usuario se considere que puede ser informaci\u00f3n relevante para usted.<\/p>\n\n\n\n<p>Si desea contactarnos para conocer, editar o eliminar sus datos personales, env\u00ede un mensaje a <a rel=\"noreferrer noopener\" href=\"mailto:legal@unefortalezaydesarrollo.com\" target=\"_blank\">legal@unefortalezaydesarrollo.com<\/a>, para enviarle indicaciones detalladas del proceso.<\/p>\n\n\n\n<h4 class=\"wp-block-heading\">Informaci\u00f3n Adicional<\/h4>\n\n\n\n<p>Adem\u00e1s de solicitar informaci\u00f3n durante los procesos de registro antes mencionados, le podremos solicitar informaci\u00f3n personal en otras ocasiones como es el caso de promociones que realicemos desde nuestro sitio y\/o al notificarnos sobre un problema con nuestro sitio, productos o servicios.<\/p>\n\n\n\n<p>Una vez obtenida la informaci\u00f3n, \u00e9sta es almacenada en Nuestra Base de Datos en un Servidor seguro que ha sido galardonado con el Sello de Privacidad de TRUSTe, lo que significa que sus pol\u00edticas de privacidad y sus pr\u00e1cticas han sido revisadas por TRUSTe para el cumplimiento de los requisitos del programa TRUSTed Cloud , incluidas la transparencia , la responsabilidad y elecci\u00f3n con respecto a la recopilaci\u00f3n y uso de su informaci\u00f3n personal Web y Privacidad de TRUSTe*.<\/p>\n\n\n\n<p>Indiscutiblemente, todo el equipo de colaboradores enfoca sus esfuerzos en ofrecerle la tecnolog\u00eda m\u00e1s moderna y actualizada, en el tema de la transmisi\u00f3n de datos personales, a fin de ofrecerle la mayor seguridad posible, sin asumir riesgos que est\u00e9n fuera de nuestro alcance.<\/p>\n\n\n\n<p><em>*La misi\u00f3n de TRUSTe, como tercero independiente, es incrementar la confianza en l\u00ednea entre los consumidores y organizaciones a nivel mundial a trav\u00e9s de su marca l\u00edder de confianza en privacidad y sus innovadoras soluciones de confianza.<\/em><\/p>\n\n\n\n<h4 class=\"wp-block-heading\">C\u00f3mo protegemos sus datos<\/h4>\n\n\n\n<p>Para nosotros lo m\u00e1s importante es cuidar de nuestros clientes, es por ello que para desearle una mejor experiencia en las compras y\/o servicios que contrate con nosotros deseamos ofrecerle la m\u00e1xima seguridad y brindarle la confianza que requiere al realizar sus transacciones, cuidando en todo momento su privacidad y protegiendo su informaci\u00f3n personal de manera confidencial.<\/p>\n\n\n\n<p>Debido a lo anterior y en atenci\u00f3n a lo se\u00f1alado por la Ley Federal de Protecci\u00f3n de Datos Personales en Posesi\u00f3n de Particulares (en lo sucesivo la \u201cLey\u201d), publicada el 05 de julio de 2010 en el Diario Oficial de la Federaci\u00f3n, disposiciones que van de la mano con nuestros objetivos de protecci\u00f3n, seguridad y confiabilidad, en el tratamiento de sus datos personales, es que hacemos de su conocimiento nuestras pol\u00edticas de privacidad, inform\u00e1ndole del tratamiento que se le dan a sus datos personales que obtengamos de las operaciones que llegue a realizar con nosotros en todo momento, comprometi\u00e9ndonos a resguardar, de manera segura, la confidencialidad\/privacidad de la informaci\u00f3n personal obtenida a trav\u00e9s de nuestros servicios de contacto.<\/p>\n\n\n\n<p>Con la finalidad de que usted, como cliente, tenga mayor certeza de los derechos que tiene en el tratamiento de sus datos personales, usted puede acceder al contenido actualizado de la mencionada Ley a trav\u00e9s de los portales que el Gobierno Federal, por conducto de la Secretar\u00eda de Gobernaci\u00f3n y la C\u00e1mara de Diputados del H. Congreso de la Uni\u00f3n tienen en Internet y cuyas direcciones son: http:\/\/www.ordenjuridico.gob.mx y http:\/\/www.diputados.gob.mx<\/p>\n\n\n\n<h4 class=\"wp-block-heading\">Requisitos de divulgaci\u00f3n reglamentarios de la industria<\/h4>\n\n\n\n<p>Esta declaraci\u00f3n de confidencialidad\/privacidad est\u00e1 sujeta a los t\u00e9rminos y condiciones antes mencionados, y constituye un acuerdo legal impl\u00edcito entre el usuario y la empresa.<\/p>\n\n\n\n<p>Si el usuario utiliza los servicios de UNE Fortaleza interior y Desarrollo humano en cualquiera de sus sitios, significa que ha le\u00eddo, entendido y acordado los t\u00e9rminos antes expuestos. Si no est\u00e1 de acuerdo con ellos, el usuario no deber\u00e1 proporcionar ninguna informaci\u00f3n personal, ni utilizar los servicios en el sitio web.<\/p>\n\n\n\n<p>Usted tiene en todo momento y de acuerdo a la Ley, el derecho de acceder, rectificar y cancelar sus datos personales, as\u00ed como de oponerse al tratamiento de los mismos o revocar el consentimiento que para tal fin nos haya otorgado, a trav\u00e9s de los procedimientos que hemos implementado.<\/p>\n\n\n\n<p>Para conocer dichos procedimientos, los requisitos y plazos, se puede poner en contacto con nosotros por medio nuestra p\u00e1gina de contacto en Internet en <a href=\"https:\/\/unefortalezaydesarrollo.com\/certificacion\/contacto\/\">https:\/\/unefortalezaydesarrollo.com\/certificacion\/contacto\/<\/a> y solicitar el formato.<\/p>\n\n\n\n<p>Si usted desea dejar de recibir mensajes promocionales de nuestra parte puede solicitarlo a trav\u00e9s del tel\u00e9fono 55 655 33 890 o por correo electr\u00f3nico a <a href=\"mailto:legal@unefortalezaydesarrollo.com\" target=\"_blank\" rel=\"noreferrer noopener\">legal@unefortalezaydesarrollo.com<\/a><\/p>\n","protected":false},"excerpt":{"rendered":"<p>Pol\u00edtica de privacidad Quienes somos UNE &#8211; Fortaleza interior y Desarrollo humano. UNE &#8211; Fortaleza interior y Desarrollo humano es un proyecto de Borgio Arquitectos, con el apoyo de Crece tu Negocio &#8211; Gesti\u00f3n Empresarial en Equilibrio. Las direcciones de nuestros sitios web son: https:\/\/ unefortalezaydesarrollo.com\/ https:\/\/unefortalezaydesarrollo.com\/certificacion. Qu\u00e9 datos personales<\/p>\n","protected":false},"author":1,"featured_media":860,"parent":0,"menu_order":0,"comment_status":"closed","ping_status":"open","template":"","meta":{"_coblocks_attr":"","_coblocks_dimensions":"","_coblocks_responsive_height":"","_coblocks_accordion_ie_support":"","_tutorstarter_page_metadata":[],"footnotes":""},"class_list":["post-3","page","type-page","status-publish","has-post-thumbnail","hentry"],"jetpack_sharing_enabled":true,"_links":{"self":[{"href":"https:\/\/unefortalezaydesarrollo.com\/certificacion\/wp-json\/wp\/v2\/pages\/3","targetHints":{"allow":["GET"]}}],"collection":[{"href":"https:\/\/unefortalezaydesarrollo.com\/certificacion\/wp-json\/wp\/v2\/pages"}],"about":[{"href":"https:\/\/unefortalezaydesarrollo.com\/certificacion\/wp-json\/wp\/v2\/types\/page"}],"author":[{"embeddable":true,"href":"https:\/\/unefortalezaydesarrollo.com\/certificacion\/wp-json\/wp\/v2\/users\/1"}],"replies":[{"embeddable":true,"href":"https:\/\/unefortalezaydesarrollo.com\/certificacion\/wp-json\/wp\/v2\/comments?post=3"}],"version-history":[{"count":6,"href":"https:\/\/unefortalezaydesarrollo.com\/certificacion\/wp-json\/wp\/v2\/pages\/3\/revisions"}],"predecessor-version":[{"id":237,"href":"https:\/\/unefortalezaydesarrollo.com\/certificacion\/wp-json\/wp\/v2\/pages\/3\/revisions\/237"}],"wp:featuredmedia":[{"embeddable":true,"href":"https:\/\/unefortalezaydesarrollo.com\/certificacion\/wp-json\/wp\/v2\/media\/860"}],"wp:attachment":[{"href":"https:\/\/unefortalezaydesarrollo.com\/certificacion\/wp-json\/wp\/v2\/media?parent=3"}],"curies":[{"name":"wp","href":"https:\/\/api.w.org\/{rel}","templated":true}]}}