{"id":26,"date":"2020-05-30T05:40:16","date_gmt":"2020-05-30T05:40:16","guid":{"rendered":"https:\/\/unefortalezaydesarrollo.com\/certificacion\/mi-carrito\/"},"modified":"2020-07-25T13:41:01","modified_gmt":"2020-07-25T18:41:01","slug":"mi-carrito","status":"publish","type":"page","link":"https:\/\/unefortalezaydesarrollo.com\/certificacion\/mi-carrito\/","title":{"rendered":"Mi carrito"},"content":{"rendered":"\n<div class=\"wp-block-group alignfull\"><div class=\"wp-block-group__inner-container is-layout-flow wp-block-group-is-layout-flow\">\n<\/div><\/div>\n\n\n\n<p class=\"mb-0 pb-0 mt-0 pt-0\">Lee aqu\u00ed nuestros <a href=\"https:\/\/unefortalezaydesarrollo.com\/certificacion\/terminos-y-condiciones\/\">T\u00e9rminos y condiciones<\/a>, y nuestra <a href=\"https:\/\/unefortalezaydesarrollo.com\/certificacion\/politica-privacidad\/\">Pol\u00edtica de privacidad<\/a>.<\/p>\n","protected":false},"excerpt":{"rendered":"<p>Lee aqu\u00ed nuestros T\u00e9rminos y condiciones, y nuestra Pol\u00edtica de privacidad.<\/p>\n","protected":false},"author":1,"featured_media":804,"parent":0,"menu_order":0,"comment_status":"closed","ping_status":"closed","template":"","meta":{"_coblocks_attr":"","_coblocks_dimensions":"","_coblocks_responsive_height":"","_coblocks_accordion_ie_support":"","_tutorstarter_page_metadata":[],"footnotes":""},"class_list":["post-26","page","type-page","status-publish","has-post-thumbnail","hentry"],"jetpack_sharing_enabled":true,"_links":{"self":[{"href":"https:\/\/unefortalezaydesarrollo.com\/certificacion\/wp-json\/wp\/v2\/pages\/26","targetHints":{"allow":["GET"]}}],"collection":[{"href":"https:\/\/unefortalezaydesarrollo.com\/certificacion\/wp-json\/wp\/v2\/pages"}],"about":[{"href":"https:\/\/unefortalezaydesarrollo.com\/certificacion\/wp-json\/wp\/v2\/types\/page"}],"author":[{"embeddable":true,"href":"https:\/\/unefortalezaydesarrollo.com\/certificacion\/wp-json\/wp\/v2\/users\/1"}],"replies":[{"embeddable":true,"href":"https:\/\/unefortalezaydesarrollo.com\/certificacion\/wp-json\/wp\/v2\/comments?post=26"}],"version-history":[{"count":5,"href":"https:\/\/unefortalezaydesarrollo.com\/certificacion\/wp-json\/wp\/v2\/pages\/26\/revisions"}],"predecessor-version":[{"id":835,"href":"https:\/\/unefortalezaydesarrollo.com\/certificacion\/wp-json\/wp\/v2\/pages\/26\/revisions\/835"}],"wp:featuredmedia":[{"embeddable":true,"href":"https:\/\/unefortalezaydesarrollo.com\/certificacion\/wp-json\/wp\/v2\/media\/804"}],"wp:attachment":[{"href":"https:\/\/unefortalezaydesarrollo.com\/certificacion\/wp-json\/wp\/v2\/media?parent=26"}],"curies":[{"name":"wp","href":"https:\/\/api.w.org\/{rel}","templated":true}]}}