{"id":19,"date":"2020-05-30T05:40:16","date_gmt":"2020-05-30T05:40:16","guid":{"rendered":"https:\/\/unefortalezaydesarrollo.com\/certificacion\/inicio\/"},"modified":"2023-08-04T11:54:44","modified_gmt":"2023-08-04T16:54:44","slug":"inicio","status":"publish","type":"page","link":"https:\/\/unefortalezaydesarrollo.com\/certificacion\/","title":{"rendered":"Inicio"},"content":{"rendered":"\n<div class=\"wp-block-coblocks-hero alignfull coblocks-hero-71414479560\"><div class=\"wp-block-coblocks-hero__inner has-off-white-background-color has-background has-background-overlay bg-cover has-background-image bg-no-repeat bg-center-center has-background-overlay-70 hero-center-left-align has-padding has-huge-padding has-off-white-background-color has-left-content\" style=\"background-image:url(https:\/\/unefortalezaydesarrollo.com\/certificacion\/wp-content\/uploads\/2020\/05\/workshop-2209239_1280-e1590906785788.jpg);background-position:50% 28.999999999999996%;min-height:400px\"><div class=\"wp-block-coblocks-hero__content-wrapper\"><div class=\"wp-block-coblocks-hero__content\" style=\"max-width:805px\">\n<h1 class=\"wp-block-heading\" id=\"certificacion-en-coaching-numerologico-de-vida\">Escuela Digital UNE<\/h1>\n\n\n\n<h2 class=\"wp-block-heading\">Centro de Formaci\u00f3n Virtual<\/h2>\n\n\n\n<div class=\"wp-block-buttons is-content-justification-left is-layout-flex wp-container-core-buttons-is-layout-fdcfc74e wp-block-buttons-is-layout-flex\">\n<div class=\"wp-block-button\"><a class=\"wp-block-button__link wp-element-button\" href=\"\/certificacion\/cursos\/\">Cursos<\/a><\/div>\n\n\n\n<div class=\"wp-block-button is-style-outline is-style-outline--1\"><a class=\"wp-block-button__link wp-element-button\" href=\"https:\/\/unefortalezaydesarrollo.com\/certificacion\/contacto\/\">Contacto<\/a><\/div>\n<\/div>\n<\/div><\/div><\/div><\/div>\n\n\n\n<div class=\"wp-block-columns alignwide is-layout-flex wp-container-core-columns-is-layout-9d6595d7 wp-block-columns-is-layout-flex\">\n<div class=\"wp-block-column is-layout-flow wp-block-column-is-layout-flow\" style=\"flex-basis:66.66%\">\n<h2 class=\"wp-block-heading\" id=\"justificacion\">\u00bfQu\u00e9 son las Competencias?<\/h2>\n\n\n\n<p>Las competencias de las personas son los conocimientos, habilidades, destrezas y comportamientos individuales, es decir, aquello que las hace competentes para desarrollar una actividad en su vida laboral.<\/p>\n\n\n\n<p>La certificaci\u00f3n de competencias es el proceso a trav\u00e9s del cual las personas demuestran por medio de evidencias, que cuentan con los conocimientos, habilidades y destrezas necesarias para cumplir una funci\u00f3n a un alto nivel de desempe\u00f1o de acuerdo con lo definido en un Est\u00e1ndar de Competencia, sin importar como los hayan adquirido.<\/p>\n\n\n\n<p>Un Est\u00e1ndar de Competencia es un documento oficial aplicable en toda la Rep\u00fablica Mexicana que sirve de referencia para evaluar y certificar la competencia de las personas.<\/p>\n<\/div>\n\n\n\n<div class=\"wp-block-column is-vertically-aligned-bottom is-layout-flow wp-block-column-is-layout-flow\" style=\"flex-basis:33.33%\">\n<div style=\"height:20px\" aria-hidden=\"true\" class=\"wp-block-spacer\"><\/div>\n\n\n\n<figure class=\"wp-block-image size-full is-resized is-style-default\"><img loading=\"lazy\" decoding=\"async\" src=\"https:\/\/unefortalezaydesarrollo.com\/certificacion\/wp-content\/uploads\/2020\/05\/crop-0-0-314-314-0-coach2.png\" alt=\"\" class=\"wp-image-307\" width=\"314\" height=\"314\" srcset=\"https:\/\/unefortalezaydesarrollo.com\/certificacion\/wp-content\/uploads\/2020\/05\/crop-0-0-314-314-0-coach2.png 314w, https:\/\/unefortalezaydesarrollo.com\/certificacion\/wp-content\/uploads\/2020\/05\/crop-0-0-314-314-0-coach2-296x296.png 296w, https:\/\/unefortalezaydesarrollo.com\/certificacion\/wp-content\/uploads\/2020\/05\/crop-0-0-314-314-0-coach2-100x100.png 100w, https:\/\/unefortalezaydesarrollo.com\/certificacion\/wp-content\/uploads\/2020\/05\/crop-0-0-314-314-0-coach2-300x300.png 300w, https:\/\/unefortalezaydesarrollo.com\/certificacion\/wp-content\/uploads\/2020\/05\/crop-0-0-314-314-0-coach2-150x150.png 150w\" sizes=\"auto, (max-width: 314px) 100vw, 314px\" \/><\/figure>\n<\/div>\n<\/div>\n\n\n\n<figure class=\"wp-block-image alignfull size-large mt-0\"><img loading=\"lazy\" decoding=\"async\" width=\"1024\" height=\"341\" src=\"https:\/\/unefortalezaydesarrollo.com\/certificacion\/wp-content\/uploads\/2020\/05\/person-1245959_1280-1024x341.jpg\" alt=\"\" class=\"wp-image-169\" srcset=\"https:\/\/unefortalezaydesarrollo.com\/certificacion\/wp-content\/uploads\/2020\/05\/person-1245959_1280-1024x341.jpg 1024w, https:\/\/unefortalezaydesarrollo.com\/certificacion\/wp-content\/uploads\/2020\/05\/person-1245959_1280-600x200.jpg 600w, https:\/\/unefortalezaydesarrollo.com\/certificacion\/wp-content\/uploads\/2020\/05\/person-1245959_1280-300x100.jpg 300w, https:\/\/unefortalezaydesarrollo.com\/certificacion\/wp-content\/uploads\/2020\/05\/person-1245959_1280-768x256.jpg 768w, https:\/\/unefortalezaydesarrollo.com\/certificacion\/wp-content\/uploads\/2020\/05\/person-1245959_1280.jpg 1200w\" sizes=\"auto, (max-width: 1024px) 100vw, 1024px\" \/><\/figure>\n\n\n\n<div class=\"wp-block-columns alignwide is-layout-flex wp-container-core-columns-is-layout-9d6595d7 wp-block-columns-is-layout-flex\">\n<div class=\"wp-block-column is-layout-flow wp-block-column-is-layout-flow\" style=\"flex-basis:20%\"><\/div>\n\n\n\n<div class=\"wp-block-column is-layout-flow wp-block-column-is-layout-flow\" style=\"flex-basis:80%\">\n<blockquote class=\"wp-block-quote is-style-large is-layout-flow wp-block-quote-is-layout-flow\">\n<p>El principio m\u00e1s profundo del car\u00e1cter humano es el anhelo de ser apreciado<\/p>\n<cite><strong>&#8211; William James<\/strong><\/cite><\/blockquote>\n\n\n\n<hr class=\"wp-block-coblocks-dynamic-separator is-style-fullwidth\" style=\"height:50px\"\/>\n<\/div>\n<\/div>\n\n\n\n<div class=\"wp-block-coblocks-features coblocks-features-7142041440 alignwide mt-0\"><div class=\"alignwide wp-block-coblocks-features__inner has-columns has-2-columns has-responsive-columns has-left-content has-large-gutter\">\n<div class=\"wp-block-coblocks-feature coblocks-feature-71420414465\"><div class=\"wp-block-coblocks-feature__inner has-no-padding\"><div class=\"wp-block-coblocks-icon wp-block-coblocks-icon\">\n\t\t\t\t<div class=\"wp-block-coblocks-icon__inner has-text-color has-primary-color\" style=\"height: 60px; width: 60px;\">\n\t\t\t\t\t<svg fill=\"none\" viewBox=\"0 0 20 20\" xmlns=\"http:\/\/www.w3.org\/2000\/svg\"><path d=\"m10 0c-5.52 0-10 4.48-10 10s4.48 10 10 10 10-4.48 10-10-4.48-10-10-10zm-8 10c0-.61.08-1.21.21-1.78l4.78 4.78v1c0 1.1.9 2 2 2v1.93c-3.93-.5-6.99-3.86-6.99-7.93zm13.89 5.4c-.26-.81-1-1.4-1.9-1.4h-1v-3c0-.55-.45-1-1-1h-6v-2h2c.55 0 1-.45 1-1v-2h2c1.1 0 2-.9 2-2v-.41c2.93 1.18 5.01 4.06 5.01 7.41 0 2.08-.81 3.98-2.11 5.4z\" fill=\"currentColor\" \/><\/svg>\n\t\t\t\t<\/div>\n\t\t\t<\/div>\n\n\n<h4 class=\"wp-block-heading\" id=\"fundamentos\">Enfoque mundial<\/h4>\n\n\n\n<p>Es un modelo de trabajo, basado en el modelo educativo constructivista, que aporta soluciones extraordinarias a situaciones extraordinarias, mediante el Saber, el Saber Hacer y el Saber Ser, sin depender \u00fanicamente de la formaci\u00f3n acad\u00e9mica escolarizada.<\/p>\n<\/div><\/div>\n\n\n\n<div class=\"wp-block-coblocks-feature coblocks-feature-71420414472\"><div class=\"wp-block-coblocks-feature__inner has-no-padding\"><div class=\"wp-block-coblocks-icon wp-block-coblocks-icon\">\n\t\t\t\t<div class=\"wp-block-coblocks-icon__inner has-text-color has-primary-color\" style=\"height: 60px; width: 60px;\">\n\t\t\t\t\t<svg fill=\"none\" viewBox=\"0 0 20 20\" xmlns=\"http:\/\/www.w3.org\/2000\/svg\"><path d=\"m9.99610362 17.0837787-7.42990299-5.7765731-1.63316728 1.2702412 9.07315155 7.0568956 9.0731515-7.0568956-1.6432485-1.2803225zm.01008128-2.560645 7.4198217-5.77657311 1.6533298-1.28032249-9.0731515-7.05689565-9.07315155 7.05689565 1.64324856 1.28032249z\" fill=\"currentColor\" \/><\/svg>\n\t\t\t\t<\/div>\n\t\t\t<\/div>\n\n\n<h4 class=\"wp-block-heading\" id=\"enfoque\">Mejora continua<\/h4>\n\n\n\n<p>Sabemos que el Ser humano est\u00e1 en una b\u00fasqueda constante de mejora, de salud, de \u00e9xito, de abundancia y, algunas veces, de felicidad. Estar siempre aprendiendo (recordando) es una caracter\u00edstica inherente a nuestra esencia como seres humanos.<\/p>\n<\/div><\/div>\n<\/div><\/div>\n\n\n\n<div class=\"wp-block-coblocks-features coblocks-features-7142041440 alignwide\"><div class=\"alignwide wp-block-coblocks-features__inner has-columns has-2-columns has-responsive-columns has-left-content has-large-gutter\">\n<div class=\"wp-block-coblocks-feature coblocks-feature-71420414465\"><div class=\"wp-block-coblocks-feature__inner has-no-padding\"><div class=\"wp-block-coblocks-icon wp-block-coblocks-icon\">\n\t\t\t\t<div class=\"wp-block-coblocks-icon__inner has-text-color has-primary-color\" style=\"height: 60px; width: 60px;\">\n\t\t\t\t\t<svg fill=\"none\" viewBox=\"0 0 20 20\" xmlns=\"http:\/\/www.w3.org\/2000\/svg\"><path d=\"m10.0268555 5.68859375.97 2.29.47 1.11 1.2.1 2.47.21-1.88 1.62999995-.91.79.27 1.18.56 2.41-2.12-1.28-1.03-.64-1.03000003.62-2.12 1.28.56-2.41.27-1.18-.91-.79-1.88-1.62999995 2.47-.21 1.2-.1.47-1.11zm0-5.13-2.81000003 6.63-7.19.61 5.46 4.72999995-1.64 7.03 6.18000003-3.73 6.18 3.73-1.64-7.03 5.46-4.72999995-7.19-.61z\" fill=\"currentColor\" \/><\/svg>\n\t\t\t\t<\/div>\n\t\t\t<\/div>\n\n\n<h4 class=\"wp-block-heading\" id=\"propuesta\">Propuesta<\/h4>\n\n\n\n<p>Integramos herramientas <em>milenarias y modernas, m\u00edsticas y cient\u00edficas, basadas tanto en la sabidur\u00eda popular como en la investigaci\u00f3n cient\u00edfica vanguardista<\/em>, siendo este el medio para alcanzar el equilibrio psico-emocional que nos brindar\u00e1 paz.<\/p>\n<\/div><\/div>\n\n\n\n<div class=\"wp-block-coblocks-feature coblocks-feature-71420414472\"><div class=\"wp-block-coblocks-feature__inner has-no-padding\"><div class=\"wp-block-coblocks-icon wp-block-coblocks-icon\">\n\t\t\t\t<div class=\"wp-block-coblocks-icon__inner has-text-color has-primary-color\" style=\"height: 60px; width: 60px;\">\n\t\t\t\t\t<svg fill=\"none\" viewBox=\"0 0 20 20\" xmlns=\"http:\/\/www.w3.org\/2000\/svg\"><path d=\"m4.08163265 16.3265306c-2.25510204 0-4.08163265-1.8265306-4.08163265-4.0816326 0-2.25510208 1.82653061-4.08163269 4.08163265-4.08163269s4.08163266 1.82653061 4.08163266 4.08163269c0 2.255102-1.82653062 4.0816326-4.08163266 4.0816326zm0-6.122449c-1.12244898 0-2.04081632.9183674-2.04081632 2.0408164 0 1.1224489.91836734 2.0408163 2.04081632 2.0408163s2.04081633-.9183674 2.04081633-2.0408163c0-1.122449-.91836735-2.0408164-2.04081633-2.0408164zm7.08163265-2.04081629c-2.25510203 0-4.08163265-1.82653062-4.08163265-4.08163266s1.82653062-4.08163265 4.08163265-4.08163265c2.255102 0 4.0816327 1.82653061 4.0816327 4.08163265s-1.8265307 4.08163266-4.0816327 4.08163266zm0-6.12244898c-1.122449 0-2.04081632.91836734-2.04081632 2.04081632s.91836732 2.04081633 2.04081632 2.04081633 2.0408163-.91836735 2.0408163-2.04081633-.9183673-2.04081632-2.0408163-2.04081632zm4.7142857 17.95918367c-2.255102 0-4.0816326-1.8265306-4.0816326-4.0816327 0-2.255102 1.8265306-4.0816326 4.0816326-4.0816326 2.2551021 0 4.0816327 1.8265306 4.0816327 4.0816326 0 2.2551021-1.8265306 4.0816327-4.0816327 4.0816327zm0-6.122449c-1.122449 0-2.0408163.9183674-2.0408163 2.0408163 0 1.122449.9183673 2.0408164 2.0408163 2.0408164s2.0408163-.9183674 2.0408163-2.0408164c0-1.1224489-.9183673-2.0408163-2.0408163-2.0408163z\" fill=\"currentColor\" \/><\/svg>\n\t\t\t\t<\/div>\n\t\t\t<\/div>\n\n\n<h4 class=\"wp-block-heading\" id=\"temas\">Temas<\/h4>\n\n\n\n<p>Los temas giran en torno a los 4 planos base: <em>mental, f\u00edsico, emocional y espiritual<\/em>, con hincapi\u00e9 en la <em>integraci\u00f3n y aplicaci\u00f3n (competencia)<\/em>, que nos proveer\u00e1n herramientas para mejorar nuestras relaciones interpersonales, productividad, trabajo e imagen propia.<\/p>\n<\/div><\/div>\n<\/div><\/div>\n\n\n\n<hr class=\"wp-block-coblocks-dynamic-separator\" style=\"height:50px\"\/>\n\n\n<div class=\"wp-block-coblocks-icon has-text-align-center wp-block-coblocks-icon has-text-align-center\">\n\t\t\t\t<div class=\"wp-block-coblocks-icon__inner has-text-color has-secondary-color\" style=\"height: 60px; width: 60px;\">\n\t\t\t\t\t<svg fill=\"none\" xmlns=\"http:\/\/www.w3.org\/2000\/svg\" viewBox=\"0 0 24 24\"><path d=\"M3 6h18V4H3c-1.1 0-2 .9-2 2v12c0 1.1.9 2 2 2h4v-2H3V6zm10 6H9v1.78c-.61.55-1 1.33-1 2.22s.39 1.67 1 2.22V20h4v-1.78c.61-.55 1-1.34 1-2.22s-.39-1.67-1-2.22V12zm-2 5.5c-.83 0-1.5-.67-1.5-1.5s.67-1.5 1.5-1.5 1.5.67 1.5 1.5-.67 1.5-1.5 1.5zM22 8h-6c-.5 0-1 .5-1 1v10c0 .5.5 1 1 1h6c.5 0 1-.5 1-1V9c0-.5-.5-1-1-1zm-1 10h-4v-8h4v8z\" fill=\"currentColor\" \/><\/svg>\n\t\t\t\t<\/div>\n\t\t\t<\/div>\n\n\n<p class=\"wp-block-coblocks-highlight has-medium-font-size\" style=\"text-align:center\"><mark class=\"wp-block-coblocks-highlight__content has-secondary-color has-text-color\">Todas las clases son 100% en l\u00ednea<\/mark><\/p>\n\n\n\n<div class=\"wp-block-buttons is-content-justification-center is-layout-flex wp-container-core-buttons-is-layout-16018d1d wp-block-buttons-is-layout-flex\">\n<div class=\"wp-block-button is-style-outline is-style-outline--2\"><a class=\"wp-block-button__link has-secondary-color has-text-color wp-element-button\" href=\"\/certificacion\/calendario-2021-2022\/\">Ver calendario<\/a><\/div>\n<\/div>\n\n\n\n<div class=\"wp-block-group alignfull has-tertiary-background-color has-background\"><div class=\"wp-block-group__inner-container is-layout-flow wp-block-group-is-layout-flow\">\n<h2 class=\"wp-block-heading has-text-align-center\" id=\"te-interesa\">\u00bfTe interesa?<\/h2>\n\n\n\n<h5 class=\"wp-block-heading has-text-align-center\" id=\"solo-aceptaremos-a-un-numero-limitado-de-participantes-para-garantizar-la-calidad-de-la-formacion-si-esto-resuena-contigo-solicita-una-entrevista-telefonica-para-saber-si-esto-es-para-ti\">Solicita una llamada telef\u00f3nica para conocer m\u00e1s sobre nuestros cursos.<\/h5>\n\n\n\n<div class=\"wp-block-button aligncenter\"><a class=\"wp-block-button__link wp-element-button\" href=\"https:\/\/unefortalezaydesarrollo.com\/certificacion\/contacto\/\">Progr\u00e1mala hoy mismo<\/a><\/div>\n<\/div><\/div>\n","protected":false},"excerpt":{"rendered":"<p>\u00bfQu\u00e9 son las Competencias? Las competencias de las personas son los conocimientos, habilidades, destrezas y comportamientos individuales, es decir, aquello que las hace competentes para desarrollar una actividad en su vida laboral. La certificaci\u00f3n de competencias es el proceso a trav\u00e9s del cual las personas demuestran por medio de evidencias,<\/p>\n","protected":false},"author":1,"featured_media":0,"parent":0,"menu_order":0,"comment_status":"closed","ping_status":"closed","template":"","meta":{"_coblocks_attr":"","_coblocks_dimensions":"{\"coblocks-hero-71414479560\":{\"padding\":{\"paddingBottom\":\"60px\",\"paddingBottomMobile\":null,\"paddingBottomTablet\":null,\"paddingLeft\":\"0px\",\"paddingLeftMobile\":null,\"paddingLeftTablet\":null,\"paddingRight\":\"0px\",\"paddingRightMobile\":null,\"paddingRightTablet\":null,\"paddingTop\":\"60px\",\"paddingTopMobile\":null,\"paddingTopTablet\":null}}}","_coblocks_responsive_height":"{\"coblocks-hero-71414479560\":{\"height\":{\"height\":400,\"heightMobile\":400}}}","_coblocks_accordion_ie_support":"","_tutorstarter_page_metadata":[],"footnotes":""},"class_list":["post-19","page","type-page","status-publish","hentry"],"jetpack_sharing_enabled":true,"_links":{"self":[{"href":"https:\/\/unefortalezaydesarrollo.com\/certificacion\/wp-json\/wp\/v2\/pages\/19","targetHints":{"allow":["GET"]}}],"collection":[{"href":"https:\/\/unefortalezaydesarrollo.com\/certificacion\/wp-json\/wp\/v2\/pages"}],"about":[{"href":"https:\/\/unefortalezaydesarrollo.com\/certificacion\/wp-json\/wp\/v2\/types\/page"}],"author":[{"embeddable":true,"href":"https:\/\/unefortalezaydesarrollo.com\/certificacion\/wp-json\/wp\/v2\/users\/1"}],"replies":[{"embeddable":true,"href":"https:\/\/unefortalezaydesarrollo.com\/certificacion\/wp-json\/wp\/v2\/comments?post=19"}],"version-history":[{"count":142,"href":"https:\/\/unefortalezaydesarrollo.com\/certificacion\/wp-json\/wp\/v2\/pages\/19\/revisions"}],"predecessor-version":[{"id":3705,"href":"https:\/\/unefortalezaydesarrollo.com\/certificacion\/wp-json\/wp\/v2\/pages\/19\/revisions\/3705"}],"wp:attachment":[{"href":"https:\/\/unefortalezaydesarrollo.com\/certificacion\/wp-json\/wp\/v2\/media?parent=19"}],"curies":[{"name":"wp","href":"https:\/\/api.w.org\/{rel}","templated":true}]}}